{"id":87,"date":"2015-11-16T16:18:23","date_gmt":"2015-11-16T15:18:23","guid":{"rendered":"http:\/\/hertoghetb.cluster005.ovh.net\/?page_id=87"},"modified":"2021-02-16T09:33:05","modified_gmt":"2021-02-16T08:33:05","slug":"apres-la-consultation","status":"publish","type":"page","link":"https:\/\/www.hertoghe.eu\/fr\/consultations\/apres-la-consultation\/","title":{"rendered":"Apr\u00e8s la consultation"},"content":{"rendered":"<p>A la sortie de votre consultation, vous pouvez vous rendre dans une pharmacie afin de vous procurer le traitement prescrit par le m\u00e9decin. Plusieurs pharmacies sont situ\u00e9es \u00e0 proximit\u00e9 du Cabinet m\u00e9dical.<\/p>\n<p><strong>Pharmacie Prince d\u2019Orange, \u00e0 deux pas du Cabinet<br \/>\n<\/strong>Chauss\u00e9e de Waterloo 1499 \u2013 1180 Bruxelles<br \/>\nTel.\u00a0: +32 2 374 32 57<br \/>\n<a href=\"http:\/\/princedorange.kenkoo.be\/\">http:\/\/princedorange.kenkoo.be\/<\/a><\/p>\n<p><strong>PharmaBrussels Flagey<br \/>\n<\/strong>Chauss\u00e9e d\u2019Ixelles 357 \u2013 1050 Bruxelles<br \/>\nTel. : +32 2 648 04 19<br \/>\n<a href=\"https:\/\/www.pharmabrussels.be\/\">https:\/\/www.pharmabrussels.be\/<\/a><\/p>\n<p><strong>Pharmacie Darwin<br \/>\n<\/strong>Rue Franz Merjay 42 \u2013 1050 Bruxelles<br \/>\nTel.\u00a0: +32 2 347 09 49<br \/>\n<a href=\"https:\/\/pharmacie-darwin.be\/\" target=\"_blank\" rel=\"noopener noreferrer\">www.pharmacie-darwin.be<\/a><\/p>\n<p>&nbsp;<\/p>\n<p>Notez que l\u2019horaire moyen d\u2019ouverture des pharmacies est de 09H00 \u00e0 19H00.<\/p>\n","protected":false},"excerpt":{"rendered":"<p>A la sortie de votre consultation, vous pouvez vous rendre dans une pharmacie afin de vous procurer le traitement prescrit par le m\u00e9decin. Plusieurs pharmacies sont situ\u00e9es \u00e0 proximit\u00e9 du Cabinet m\u00e9dical. Pharmacie Prince d\u2019Orange, \u00e0 deux pas du Cabinet Chauss\u00e9e de Waterloo 1499 \u2013 1180 Bruxelles Tel.\u00a0: +32 2 374 32 57 http:\/\/princedorange.kenkoo.be\/ PharmaBrussels [&hellip;]<\/p>\n","protected":false},"author":3,"featured_media":0,"parent":15,"menu_order":0,"comment_status":"closed","ping_status":"closed","template":"","meta":{"_acf_changed":false,"cybocfi_hide_featured_image":"","footnotes":""},"class_list":["post-87","page","type-page","status-publish","hentry"],"acf":[],"_links":{"self":[{"href":"https:\/\/www.hertoghe.eu\/fr\/wp-json\/wp\/v2\/pages\/87","targetHints":{"allow":["GET"]}}],"collection":[{"href":"https:\/\/www.hertoghe.eu\/fr\/wp-json\/wp\/v2\/pages"}],"about":[{"href":"https:\/\/www.hertoghe.eu\/fr\/wp-json\/wp\/v2\/types\/page"}],"author":[{"embeddable":true,"href":"https:\/\/www.hertoghe.eu\/fr\/wp-json\/wp\/v2\/users\/3"}],"replies":[{"embeddable":true,"href":"https:\/\/www.hertoghe.eu\/fr\/wp-json\/wp\/v2\/comments?post=87"}],"version-history":[{"count":4,"href":"https:\/\/www.hertoghe.eu\/fr\/wp-json\/wp\/v2\/pages\/87\/revisions"}],"predecessor-version":[{"id":4560,"href":"https:\/\/www.hertoghe.eu\/fr\/wp-json\/wp\/v2\/pages\/87\/revisions\/4560"}],"up":[{"embeddable":true,"href":"https:\/\/www.hertoghe.eu\/fr\/wp-json\/wp\/v2\/pages\/15"}],"wp:attachment":[{"href":"https:\/\/www.hertoghe.eu\/fr\/wp-json\/wp\/v2\/media?parent=87"}],"curies":[{"name":"wp","href":"https:\/\/api.w.org\/{rel}","templated":true}]}}