{"id":83,"date":"2015-11-16T16:16:12","date_gmt":"2015-11-16T15:16:12","guid":{"rendered":"http:\/\/hertoghetb.cluster005.ovh.net\/?page_id=83"},"modified":"2022-08-05T08:43:54","modified_gmt":"2022-08-05T06:43:54","slug":"a-faire-avant-la-consultation","status":"publish","type":"page","link":"https:\/\/www.hertoghe.eu\/fr\/consultations\/a-faire-avant-la-consultation\/","title":{"rendered":"\u00c0 faire avant la consultation"},"content":{"rendered":"<p>Lorsque vous prenez rendez-vous pour une consultation par t\u00e9l\u00e9phone, sur notre <a href=\"http:\/\/www.rdv-hertoghe.eu\" target=\"_blank\" rel=\"noopener noreferrer\">plateforme en ligne<\/a>, ou par <a href=\"m&#97;&#x69;&#x6c;&#x74;o&#58;&#115;&#x65;&#x63;r&#101;&#116;&#x61;&#x72;y&#64;&#104;&#x65;&#x72;&#x74;o&#103;&#x68;&#x65;&#x2e;e&#117;\" target=\"_blank\" rel=\"noopener noreferrer\">e-mail<\/a>, vous recevez un e-mail de confirmation accompagn\u00e9 d\u2019un questionnaire \u00e0 remplir ainsi que des informations concernant les tests \u00e0 r\u00e9aliser.<\/p>\n<h2>1\/ Questionnaire<\/h2>\n<p><strong><u> <\/u>Avant la premi\u00e8re consultation,<\/strong>\u00a0vos recevrez environ\u00a0<strong>8 pages de<\/strong>\u00a0<strong>questionnaires<\/strong>\u00a0<strong>sur votre \u00e9tat \u00ab\u00a0actuel\u00a0\u00bb<\/strong>\u00a0\u00e0 remplir et \u00e0 nous envoyer le plus t\u00f4t possible, avant votre rendez-vous pour que nous puissions les inclure dans votre dossier m\u00e9dical.<\/p>\n<h2>2\/ Tests sanguins et urines des 24 heures<\/h2>\n<p><strong><u> <\/u>Apr\u00e8s la premi\u00e8re consultation<\/strong>, et <strong>un mois avant toute autre consultation<\/strong>, nous vous demandons de r\u00e9aliser une prise de sang en laboratoire et d&rsquo;y apporter les urines de 24h, recueillies pr\u00e9alablement. Ce d\u00e9lai nous permet de disposer des r\u00e9sultats de votre <strong>prise de sang<\/strong> au moment de la consultation.<\/p>\n<p><em>Des informations d\u00e9taill\u00e9es sur ces tests indispensables sont accessibles <\/em>sur notre <a href=\"http:\/\/www.rdv-hertoghe.eu\" target=\"_blank\" rel=\"noopener noreferrer\">plateforme en ligne<\/a><em> et vous seront envoy\u00e9es par e-mail d\u00e8s que votre rendez-vous sera fix\u00e9.<\/em><br \/>\n<div class=\"title_code\">Tests compl\u00e9mentaires<\/div>\n        <div class=\"content_code\"><br \/>\nUne \u00e9tape interm\u00e9diaire importante dans votre traitement consiste \u00e0 faire des tests indispensables avant votre consultation :<\/p>\n<ul>\n<li>Oligoscan\u00a0: mesure les taux de min\u00e9raux et m\u00e9taux lourds dans les tissus (75\u20ac)<\/li>\n<\/ul>\n<p>Notez qu\u2019un test n\u00e9cessite en moyenne une demi-heure. Dans ce cas, pr\u00e9voyez d\u2019arriver suffisamment t\u00f4t avant votre rendez-vous.<\/p>\n<p>Vous pouvez ensuite \u00e9voluer vers des tests\/traitements suppl\u00e9mentaires suivants\u00a0:<\/p>\n<ul>\n<li style=\"list-style-type: none;\">\n<ul>\n<li>M\u00e9soth\u00e9rapie hormonale\u00a0: technique d\u2019injection locale d\u2019hormones bio-identiques et de vasodilatateurs, permettant d\u2019inverser localement le vieillissement\u00a0;<\/li>\n<li>Florascan\u00a0: mesure les bact\u00e9ries et autres germes dans l\u2019intestin (flore intestinale)\u00a0;<\/li>\n<li>Diagnostic g\u00e9n\u00e9tique\u00a0: d\u00e9c\u00e8le les maladies auxquelles vous \u00eates g\u00e9n\u00e9tiquement pr\u00e9dispos\u00e9(e)s\u00a0;<\/li>\n<li>Acides amin\u00e9s\u00a0; mesure les acides amin\u00e9s que vous \u00eates capable(s) d\u2019assimiler ou pas.<\/li>\n<\/ul>\n<\/li>\n<\/ul>\n<h3><\/div><div class=\"title_code\">Laboratoire \u00e9tranger<\/div>\n        <div class=\"content_code\"><br \/>\nAu cas o\u00f9 vous utilisez un laboratoire \u00e9tranger \u00e0 la Belgique pour faire les tests, faites votre possible pour amener une copie compl\u00e8te des r\u00e9sultats de laboratoire.<\/h3>\n<p>&nbsp;<\/p>\n<p><\/div><\/p>\n<p><em>Pour plus d\u2019information sur les tests et leurs co\u00fbts, veuillez contacter le laboratoire. <\/em><\/p>\n","protected":false},"excerpt":{"rendered":"<p>Lorsque vous prenez rendez-vous pour une consultation par t\u00e9l\u00e9phone, sur notre plateforme en ligne, ou par e-mail, vous recevez un e-mail de confirmation accompagn\u00e9 d\u2019un questionnaire \u00e0 remplir ainsi que des informations concernant les tests \u00e0 r\u00e9aliser. 1\/ Questionnaire Avant la premi\u00e8re consultation,\u00a0vos recevrez environ\u00a08 pages de\u00a0questionnaires\u00a0sur votre \u00e9tat \u00ab\u00a0actuel\u00a0\u00bb\u00a0\u00e0 remplir et \u00e0 nous envoyer [&hellip;]<\/p>\n","protected":false},"author":3,"featured_media":0,"parent":15,"menu_order":0,"comment_status":"closed","ping_status":"closed","template":"","meta":{"_acf_changed":false,"cybocfi_hide_featured_image":"","footnotes":""},"class_list":["post-83","page","type-page","status-publish","hentry"],"acf":[],"_links":{"self":[{"href":"https:\/\/www.hertoghe.eu\/fr\/wp-json\/wp\/v2\/pages\/83","targetHints":{"allow":["GET"]}}],"collection":[{"href":"https:\/\/www.hertoghe.eu\/fr\/wp-json\/wp\/v2\/pages"}],"about":[{"href":"https:\/\/www.hertoghe.eu\/fr\/wp-json\/wp\/v2\/types\/page"}],"author":[{"embeddable":true,"href":"https:\/\/www.hertoghe.eu\/fr\/wp-json\/wp\/v2\/users\/3"}],"replies":[{"embeddable":true,"href":"https:\/\/www.hertoghe.eu\/fr\/wp-json\/wp\/v2\/comments?post=83"}],"version-history":[{"count":19,"href":"https:\/\/www.hertoghe.eu\/fr\/wp-json\/wp\/v2\/pages\/83\/revisions"}],"predecessor-version":[{"id":5066,"href":"https:\/\/www.hertoghe.eu\/fr\/wp-json\/wp\/v2\/pages\/83\/revisions\/5066"}],"up":[{"embeddable":true,"href":"https:\/\/www.hertoghe.eu\/fr\/wp-json\/wp\/v2\/pages\/15"}],"wp:attachment":[{"href":"https:\/\/www.hertoghe.eu\/fr\/wp-json\/wp\/v2\/media?parent=83"}],"curies":[{"name":"wp","href":"https:\/\/api.w.org\/{rel}","templated":true}]}}