{"id":81,"date":"2015-11-16T16:05:05","date_gmt":"2015-11-16T15:05:05","guid":{"rendered":"http:\/\/hertoghetb.cluster005.ovh.net\/?page_id=81"},"modified":"2021-03-24T16:44:52","modified_gmt":"2021-03-24T15:44:52","slug":"informations-sur-la-consultation","status":"publish","type":"page","link":"https:\/\/www.hertoghe.eu\/fr\/consultations\/informations-sur-la-consultation\/","title":{"rendered":"Informations sur la consultation"},"content":{"rendered":"<h2>Dur\u00e9e et fr\u00e9quence des consultations<\/h2>\n<p>La fr\u00e9quence des consultations est de <strong>quatre rendez-vous la premi\u00e8re ann\u00e9e<\/strong>, puis s\u2019\u00e9tend \u00e0 un rendez-vous tous les six \u00e0 neuf mois selon le patient. Les patients venant de l\u2019\u00e9tranger, et ne pr\u00e9sentant pas de probl\u00e8me cons\u00e9quent peuvent r\u00e9duire la fr\u00e9quence \u00e0 <strong>un rendez-vous par an<\/strong>. La consultation est d\u2019une dur\u00e9e moyenne d\u2019<strong>une heure<\/strong>.<\/p>\n<p>Les <strong>personnes venant de l\u2019\u00e9tranger <\/strong>peuvent fixer les deux premi\u00e8res consultations le m\u00eame jour, \u00e0 condition d\u2019avoir fait les analyses de laboratoire (test de sang et d\u2019urines des 24 h)<strong> au moins 1 mois avant la date du rendez-vous fix\u00e9. <\/strong><\/p>\n<h2>Contenu des consultations<\/h2>\n<p>Les traitements sont prescrits et personnalis\u00e9s sur base\u00a0de\u00a0:<\/p>\n<ul>\n<li>L\u2019analyse de vos plaintes<\/li>\n<li>L\u2019analyse de questionnaires pouss\u00e9s et cibl\u00e9s<\/li>\n<li>L\u2019examen physique<\/li>\n<li>L\u2019analyse de vos r\u00e9sultats de prise de sang (n\u00e9cessaire avant chaque consultation \u00e0 partir du 2<sup>e<\/sup> rendez-vous)<\/li>\n<li>L\u2019analyse des urines de 24 h (la famille du Dr Hertoghe est pionni\u00e8re dans l\u2019utilisation de ce test)<\/li>\n<li>tests suppl\u00e9mentaires (Oligoscan, Cardiohealth, &#8230;)<\/li>\n<\/ul>\n<div class=\"title_code\">Qu'est-ce que l'oligoscan ?<\/div>\n        <div class=\"content_code\"><br \/>\n<img decoding=\"async\" class=\"alignleft wp-image-341\" src=\"https:\/\/www.hertoghe.eu\/wp-content\/uploads\/Oligoscan-300x199.jpg\" alt=\"Oligoscan\" height=\"150\" srcset=\"https:\/\/www.hertoghe.eu\/wp-content\/uploads\/Oligoscan-300x199.jpg 300w, https:\/\/www.hertoghe.eu\/wp-content\/uploads\/Oligoscan.jpg 1000w\" sizes=\"(max-width: 300px) 100vw, 300px\" \/>L\u2019Oligoscan mesure le taux, dans les tissus, de 20 oligo-\u00e9l\u00e9ments (dont 11 suppl\u00e9mentaires \u00e0 ceux du sang) et 14 m\u00e9taux toxiques. En l\u2019espace d\u2019une minute, ce test d\u00e9tecte les d\u00e9ficiences en magn\u00e9sium, en zinc, en s\u00e9l\u00e9nium, ainsi que d\u2019autres \u00e9l\u00e9ments essentiels. Destin\u00e9 aux patients de tous \u00e2ges, ce test est recommand\u00e9 avant chaque consultation.<\/p>\n<p><a href=\"https:\/\/www.hertoghe.eu\/wp-content\/uploads\/Exemple-Bilan-Oligoscan.pdf\">Exemple de bilan.pdf<\/a><\/p>\n<p>&nbsp;<\/p>\n<p><\/div>\n<p>&nbsp;<\/p>\n<p>La premi\u00e8re consultation permet de vous examiner et de poser un diagnostic pr\u00e9liminaire sur divers aspect de votre vie. Le m\u00e9decin proc\u00e8de \u00e0 l\u2019analyse de vos r\u00e9ponses aux questionnaires, vous interroge de mani\u00e8re approfondie, et effectue un examen physique pr\u00e9cis.<\/p>\n<p>La seconde consultation permet de prescrire le ou les traitements adapt\u00e9s, en fonction des r\u00e9sultats des tests de laboratoire.<\/p>\n<p>La troisi\u00e8me consultation et les consultations suivantes sont des consultations de suivi de traitement. En fonction de votre \u00e9tat de sant\u00e9 et de son \u00e9volution, le m\u00e9decin proc\u00e8de \u00e0 un examen physique et des analyses de laboratoire suppl\u00e9mentaires dans l\u2019id\u00e9e d\u2019ajuster le traitement.<\/p>\n<p>En cas d&#8217;emp\u00eachement, merci d\u2019annuler votre rendez-vous au moins 48h \u00e0 l\u2019avance via\u00a0 <a href=\"http:\/\/www.rdv-hertoghe.eu\" target=\"_blank\" rel=\"noopener noreferrer\">notre plateforme en ligne<\/a> ou en contactant notre\u00a0 <a href=\"m&#97;&#x69;&#x6c;t&#111;&#58;&#x73;&#x65;c&#114;&#101;&#x74;&#x61;r&#121;&#x40;&#x68;&#x65;r&#116;&#x6f;&#x67;h&#101;&#46;&#x65;&#x75;\" target=\"_blank\" rel=\"noopener noreferrer\">secr\u00e9tariat<\/a>.<br \/>\n<strong>Attention : <\/strong>tout rendez-vous qui ne sera pas annul\u00e9 48h \u00e0 l&rsquo;avance sera factur\u00e9 du montant de la consultation.<\/p>\n<p>En vue de limiter les retards dans les consultations, par respect pour les patients qui attendent dans la salle d\u2019attente, veuillez venir \u00e0 temps \u00e0 la consultation.<\/p>\n<h2>Horaire des consultations<\/h2>\n<p>Il vous est possible de <a href=\"http:\/\/www.rdv-hertoghe.eu\" target=\"_blank\" rel=\"noopener noreferrer\">prendre un rendez-vous<\/a>, dans la mesure des disponibilit\u00e9s des m\u00e9decins, entre 09h30 et 17h30.<\/p>\n","protected":false},"excerpt":{"rendered":"<p>Dur\u00e9e et fr\u00e9quence des consultations La fr\u00e9quence des consultations est de quatre rendez-vous la premi\u00e8re ann\u00e9e, puis s\u2019\u00e9tend \u00e0 un rendez-vous tous les six \u00e0 neuf mois selon le patient. Les patients venant de l\u2019\u00e9tranger, et ne pr\u00e9sentant pas de probl\u00e8me cons\u00e9quent peuvent r\u00e9duire la fr\u00e9quence \u00e0 un rendez-vous par an. La consultation est d\u2019une [&hellip;]<\/p>\n","protected":false},"author":3,"featured_media":0,"parent":15,"menu_order":0,"comment_status":"closed","ping_status":"closed","template":"","meta":{"_acf_changed":false,"cybocfi_hide_featured_image":"","footnotes":""},"class_list":["post-81","page","type-page","status-publish","hentry"],"acf":[],"_links":{"self":[{"href":"https:\/\/www.hertoghe.eu\/fr\/wp-json\/wp\/v2\/pages\/81","targetHints":{"allow":["GET"]}}],"collection":[{"href":"https:\/\/www.hertoghe.eu\/fr\/wp-json\/wp\/v2\/pages"}],"about":[{"href":"https:\/\/www.hertoghe.eu\/fr\/wp-json\/wp\/v2\/types\/page"}],"author":[{"embeddable":true,"href":"https:\/\/www.hertoghe.eu\/fr\/wp-json\/wp\/v2\/users\/3"}],"replies":[{"embeddable":true,"href":"https:\/\/www.hertoghe.eu\/fr\/wp-json\/wp\/v2\/comments?post=81"}],"version-history":[{"count":12,"href":"https:\/\/www.hertoghe.eu\/fr\/wp-json\/wp\/v2\/pages\/81\/revisions"}],"predecessor-version":[{"id":4580,"href":"https:\/\/www.hertoghe.eu\/fr\/wp-json\/wp\/v2\/pages\/81\/revisions\/4580"}],"up":[{"embeddable":true,"href":"https:\/\/www.hertoghe.eu\/fr\/wp-json\/wp\/v2\/pages\/15"}],"wp:attachment":[{"href":"https:\/\/www.hertoghe.eu\/fr\/wp-json\/wp\/v2\/media?parent=81"}],"curies":[{"name":"wp","href":"https:\/\/api.w.org\/{rel}","templated":true}]}}