{"id":7296,"date":"2025-12-09T17:04:57","date_gmt":"2025-12-09T16:04:57","guid":{"rendered":"https:\/\/www.hertoghe.eu\/?page_id=7296"},"modified":"2025-12-09T17:06:29","modified_gmt":"2025-12-09T16:06:29","slug":"se-desalterer","status":"publish","type":"page","link":"https:\/\/www.hertoghe.eu\/fr\/se-desalterer\/","title":{"rendered":"Se d\u00e9salt\u00e9rer"},"content":{"rendered":"<div class=\"title_code\">D\u00e9couvrez la s\u00e9lection des salons de th\u00e9<\/div>\n        <div class=\"content_code\"><\/p>\n<p style=\"text-align: left;\"><a href=\"https:\/\/www.hertoghe.eu\/wp-content\/uploads\/Tan_visu.jpg\"><img loading=\"lazy\" decoding=\"async\" class=\"wp-image-3349 alignleft\" src=\"https:\/\/www.hertoghe.eu\/wp-content\/uploads\/Tan_visu.jpg\" alt=\"\" width=\"171\" height=\"268\" srcset=\"https:\/\/www.hertoghe.eu\/wp-content\/uploads\/Tan_visu.jpg 960w, https:\/\/www.hertoghe.eu\/wp-content\/uploads\/Tan_visu-191x300.jpg 191w, https:\/\/www.hertoghe.eu\/wp-content\/uploads\/Tan_visu-768x1206.jpg 768w, https:\/\/www.hertoghe.eu\/wp-content\/uploads\/Tan_visu-652x1024.jpg 652w\" sizes=\"auto, (max-width: 171px) 100vw, 171px\" \/><\/a><\/p>\n<h2 style=\"text-align: left;\"><strong>Kage<\/strong><\/h2>\n<p>Un \u201ctea-bar\u201d japonais contemporain o\u00f9 matcha, hojicha et th\u00e9s rares sont mis \u00e0 l\u2019honneur. L\u2019ambiance est sophistiqu\u00e9e : th\u00e9 et douceurs l\u2019apr\u00e8s-midi, cocktails infus\u00e9s au th\u00e9 en soir\u00e9e. Id\u00e9al pour une pause \u00e9l\u00e9gante, \u00e9nergisante, et naturellement riche en antioxydants.<br \/>Le + : une approche moderne du th\u00e9, parfaite pour allier plaisir et bien-\u00eatre.<\/p>\n<p>&#x1f4cd;Rue Antoine Dansaert 19, 1000 Bruxelles.<\/p>\n<p>\u00a0<\/p>\n<p><a class=\"file-button clear\" href=\"https:\/\/www.kagetea.be\/daybar\" target=\"_blank\" rel=\"noopener noreferrer\">Plus d&rsquo;informations<\/a><\/p>\n<hr \/>\n<p style=\"text-align: left;\"><strong><a href=\"https:\/\/www.hertoghe.eu\/wp-content\/uploads\/liulin-vegan-restaurant-bruxelles-brussels-brusselskitchen-new-hotspot003.jpg\"><img loading=\"lazy\" decoding=\"async\" class=\"wp-image-208 alignleft\" src=\"https:\/\/www.hertoghe.eu\/wp-content\/uploads\/liulin-vegan-restaurant-bruxelles-brussels-brusselskitchen-new-hotspot003.jpg\" width=\"119\" height=\"185\" \/><\/a><\/strong><\/p>\n<h2 style=\"text-align: left;\"><strong>La Septi\u00e8me Tasse<\/strong><\/h2>\n<p>Un salon de th\u00e9 chaleureux au style local et authentique. On y d\u00e9guste une belle s\u00e9lection de th\u00e9s et de p\u00e2tisseries dans une atmosph\u00e8re apaisante \u2014 parfait pour une pause douce apr\u00e8s une promenade dans le quartier.<br \/>Le + : un lieu cosy et simple, id\u00e9al pour se d\u00e9tendre sans artifice.<\/p>\n<p>\u00a0 \u00a0 \u00a0 \u00a0 \u00a0 \u00a0 \u00a0 \u00a0 \u00a0 \u00a0 \u00a0 \u00a0 \u00a0 \u00a0 &#x1f4cd;Rue du Bailli 37, 1050 Bruxelles.<\/p>\n<p><a class=\"file-button clear\" href=\"https:\/\/www.7etasse.com\/\" target=\"_blank\" rel=\"noopener noreferrer\">Plus d&rsquo;informations<\/a><\/p>\n<p><\/div>\n<div class=\"title_code\">D\u00e9couvrez la s\u00e9lection de caf\u00e9s<\/div>\n        <div class=\"content_code\"><\/p>\n<hr \/>\n<p style=\"text-align: left;\"><strong><a href=\"https:\/\/www.hertoghe.eu\/wp-content\/uploads\/liulin-vegan-restaurant-bruxelles-brussels-brusselskitchen-new-hotspot003.jpg\"><img loading=\"lazy\" decoding=\"async\" class=\"wp-image-208 alignleft\" src=\"https:\/\/www.hertoghe.eu\/wp-content\/uploads\/liulin-vegan-restaurant-bruxelles-brussels-brusselskitchen-new-hotspot003.jpg\" width=\"119\" height=\"185\" \/><\/a><\/strong><\/p>\n<h2 style=\"text-align: left;\"><strong>Calum<\/strong><\/h2>\n<p>Un caf\u00e9-restaurant bio qui met en avant une cuisine simple, fra\u00eeche et respectueuse du produit, dans un cadre lumineux.<br \/>Le + : parfait pour un repas sain juste \u00e0 c\u00f4t\u00e9 de la clinique.<\/p>\n<p>&#x1f4cd;Rue du Bailli 37, 1050 Bruxelles.<\/p>\n<p><a class=\"file-button clear\" href=\"https:\/\/calum.be\/fr.html\" target=\"_blank\" rel=\"noopener noreferrer\">Plus d&rsquo;informations<\/a><\/p>\n<hr \/>\n<p style=\"text-align: left;\"><strong><a href=\"https:\/\/www.hertoghe.eu\/wp-content\/uploads\/liulin-vegan-restaurant-bruxelles-brussels-brusselskitchen-new-hotspot003.jpg\"><img loading=\"lazy\" decoding=\"async\" class=\"wp-image-208 alignleft\" src=\"https:\/\/www.hertoghe.eu\/wp-content\/uploads\/liulin-vegan-restaurant-bruxelles-brussels-brusselskitchen-new-hotspot003.jpg\" width=\"119\" height=\"185\" \/><\/a><\/strong><\/p>\n<h2 style=\"text-align: left;\"><strong>Alphonse<\/strong><\/h2>\n<p>Un caf\u00e9-sandwicherie convivial, id\u00e9al pour un d\u00e9jeuner rapide mais de qualit\u00e9. Les produits sont frais, les pr\u00e9parations simples et savoureuses \u2014 parfait pour une pause efficace mais agr\u00e9able. <br \/>Le + : id\u00e9al pour un snack sain lors d\u2019un d\u00e9placement dans le quartier.<\/p>\n<p>\u00a0 \u00a0 \u00a0 \u00a0 \u00a0 \u00a0 \u00a0 \u00a0 \u00a0 \u00a0 \u00a0 \u00a0 \u00a0 \u00a0&#x1f4cd;Rue du Bailli 37, 1050 Bruxelles.<\/p>\n<p><a class=\"file-button clear\" href=\"https:\/\/www.alphonse-cafe.be\/\" target=\"_blank\" rel=\"noopener noreferrer\">Plus d&rsquo;informations<\/a><\/p>\n<hr \/>\n<p style=\"text-align: left;\"><strong><a href=\"https:\/\/www.hertoghe.eu\/wp-content\/uploads\/liulin-vegan-restaurant-bruxelles-brussels-brusselskitchen-new-hotspot003.jpg\"><img loading=\"lazy\" decoding=\"async\" class=\"wp-image-208 alignleft\" src=\"https:\/\/www.hertoghe.eu\/wp-content\/uploads\/liulin-vegan-restaurant-bruxelles-brussels-brusselskitchen-new-hotspot003.jpg\" width=\"119\" height=\"185\" \/><\/a><\/strong><\/p>\n<h2 style=\"text-align: left;\"><strong>Corica<\/strong><\/h2>\n<p>Un torr\u00e9facteur haut de gamme, sp\u00e9cialiste des caf\u00e9s \u201csingle origin\u201d. Parfait pour les amateurs qui recherchent une tasse aux ar\u00f4mes nets, purs et travaill\u00e9s avec attention.<br \/>Le + : caf\u00e9s bio certifi\u00e9s et torr\u00e9faction artisanale.<\/p>\n<p>&#x1f4cd;\u00a0Rue du March\u00e9 aux Poulets 49, 1000 Bruxelles.<\/p>\n<p><a class=\"file-button clear\" href=\"https:\/\/corica.be\/fr\/\" target=\"_blank\" rel=\"noopener noreferrer\">Plus d&rsquo;informations<\/a><\/p>\n<hr \/>\n<p style=\"text-align: left;\"><strong><a href=\"https:\/\/www.hertoghe.eu\/wp-content\/uploads\/liulin-vegan-restaurant-bruxelles-brussels-brusselskitchen-new-hotspot003.jpg\"><img loading=\"lazy\" decoding=\"async\" class=\"wp-image-208 alignleft\" src=\"https:\/\/www.hertoghe.eu\/wp-content\/uploads\/liulin-vegan-restaurant-bruxelles-brussels-brusselskitchen-new-hotspot003.jpg\" width=\"119\" height=\"185\" \/><\/a><\/strong><\/p>\n<h2 style=\"text-align: left;\"><strong>Akko cafe<\/strong><\/h2>\n<p>Un caf\u00e9 minimaliste tourn\u00e9 vers la culture japonaise : th\u00e9s de qualit\u00e9, matcha authentique et caf\u00e9 soigneusement s\u00e9lectionn\u00e9. Un lieu calme, id\u00e9al pour une pause douce et raffin\u00e9e.<br \/>Le + : une tr\u00e8s belle s\u00e9lection de th\u00e9s japonais rares.<\/p>\n<p>\u00a0 \u00a0 \u00a0 \u00a0 \u00a0 \u00a0 \u00a0 \u00a0 \u00a0 \u00a0 \u00a0 \u00a0 \u00a0 \u00a0&#x1f4cd;Rue du Bailli 15, 1000 Bruxelles.<\/p>\n<p><a class=\"file-button clear\" href=\"https:\/\/www.brusselskitchen.com\/adresses\/akko\/\" target=\"_blank\" rel=\"noopener noreferrer\">Plus d&rsquo;informations<\/a><\/p>\n<p><\/div>\n<div class=\"title_code\">D\u00e9couvrez la s\u00e9lection des bars \u00e0 cocktail sans alcool<\/div>\n        <div class=\"content_code\"><\/p>\n<hr \/>\n<p style=\"text-align: left;\"><strong><a href=\"https:\/\/www.hertoghe.eu\/wp-content\/uploads\/liulin-vegan-restaurant-bruxelles-brussels-brusselskitchen-new-hotspot003.jpg\"><img loading=\"lazy\" decoding=\"async\" class=\"wp-image-208 alignleft\" src=\"https:\/\/www.hertoghe.eu\/wp-content\/uploads\/liulin-vegan-restaurant-bruxelles-brussels-brusselskitchen-new-hotspot003.jpg\" width=\"119\" height=\"185\" \/><\/a><\/strong><\/p>\n<h2 style=\"text-align: left;\"><strong>Chemistry &amp; Botanics<\/strong><\/h2>\n<p>Un bar qui met en avant la mixologie botanique : cocktails \u00e9labor\u00e9s, cr\u00e9ations sans alcool raffin\u00e9es, ingr\u00e9dients naturels et aromatiques. Une alternative sophistiqu\u00e9e pour profiter d\u2019une sortie sans compromis sur la sant\u00e9.<br \/>Le + : des cocktails \u201cbotaniques\u201d riches en saveurs, parfaits pour un plaisir sans alcool.<\/p>\n<p>\u00a0 \u00a0 \u00a0 \u00a0 \u00a0 \u00a0 \u00a0 \u00a0 \u00a0 \u00a0 \u00a0 \u00a0 \u00a0 \u00a0&#x1f4cd;Place de la Vieille Halle aux Bl\u00e9s 49, 1000 Bruxelles.<\/p>\n<p><a class=\"file-button clear\" href=\"https:\/\/www.chemistryandbotanics.com\/en\" target=\"_blank\" rel=\"noopener noreferrer\">Plus d&rsquo;informations<\/a><\/p>\n<hr \/>\n<p style=\"text-align: left;\"><strong><a href=\"https:\/\/www.hertoghe.eu\/wp-content\/uploads\/liulin-vegan-restaurant-bruxelles-brussels-brusselskitchen-new-hotspot003.jpg\"><img loading=\"lazy\" decoding=\"async\" class=\"wp-image-208 alignleft\" src=\"https:\/\/www.hertoghe.eu\/wp-content\/uploads\/liulin-vegan-restaurant-bruxelles-brussels-brusselskitchen-new-hotspot003.jpg\" width=\"119\" height=\"185\" \/><\/a><\/strong><\/p>\n<h2 style=\"text-align: left;\"><strong>Kage<\/strong><\/h2>\n<p>Le tea-bar se transforme le soir en bar \u00e0 cocktails infus\u00e9s au th\u00e9 : subtils, parfum\u00e9s et naturellement l\u00e9gers. Une exp\u00e9rience innovante entre bien-\u00eatre et plaisir.<br \/>Le + : des cocktails uniques \u00e0 base de matcha, hojicha ou th\u00e9s rares.<\/p>\n<p>&#x1f4cd;Rue Antoine Dansaert 19, 1000 Bruxelles.<\/p>\n<p><a class=\"file-button clear\" href=\"https:\/\/www.kagetea.be\/\" target=\"_blank\" rel=\"noopener noreferrer\">Plus d&rsquo;informations<\/a><\/p>\n<p><\/div>\n\n\n<p><\/p>\n","protected":false},"excerpt":{"rendered":"","protected":false},"author":2,"featured_media":0,"parent":0,"menu_order":0,"comment_status":"closed","ping_status":"closed","template":"","meta":{"_acf_changed":false,"cybocfi_hide_featured_image":"","footnotes":""},"class_list":["post-7296","page","type-page","status-publish","hentry"],"acf":[],"_links":{"self":[{"href":"https:\/\/www.hertoghe.eu\/fr\/wp-json\/wp\/v2\/pages\/7296","targetHints":{"allow":["GET"]}}],"collection":[{"href":"https:\/\/www.hertoghe.eu\/fr\/wp-json\/wp\/v2\/pages"}],"about":[{"href":"https:\/\/www.hertoghe.eu\/fr\/wp-json\/wp\/v2\/types\/page"}],"author":[{"embeddable":true,"href":"https:\/\/www.hertoghe.eu\/fr\/wp-json\/wp\/v2\/users\/2"}],"replies":[{"embeddable":true,"href":"https:\/\/www.hertoghe.eu\/fr\/wp-json\/wp\/v2\/comments?post=7296"}],"version-history":[{"count":2,"href":"https:\/\/www.hertoghe.eu\/fr\/wp-json\/wp\/v2\/pages\/7296\/revisions"}],"predecessor-version":[{"id":7300,"href":"https:\/\/www.hertoghe.eu\/fr\/wp-json\/wp\/v2\/pages\/7296\/revisions\/7300"}],"wp:attachment":[{"href":"https:\/\/www.hertoghe.eu\/fr\/wp-json\/wp\/v2\/media?parent=7296"}],"curies":[{"name":"wp","href":"https:\/\/api.w.org\/{rel}","templated":true}]}}