{"id":7279,"date":"2025-12-09T16:38:12","date_gmt":"2025-12-09T15:38:12","guid":{"rendered":"https:\/\/www.hertoghe.eu\/?page_id=7279"},"modified":"2025-12-19T14:42:49","modified_gmt":"2025-12-19T13:42:49","slug":"un-esprit-sain-dans-un-corps-sain","status":"publish","type":"page","link":"https:\/\/www.hertoghe.eu\/fr\/un-esprit-sain-dans-un-corps-sain\/","title":{"rendered":"Un esprit sain dans un corps sain"},"content":{"rendered":"<div class=\"title_code\">D\u00e9tente<\/div>\n        <div class=\"content_code\"><\/p>\n<p style=\"text-align: right;\"><strong><a href=\"https:\/\/www.hertoghe.eu\/wp-content\/uploads\/sauna-spa-louise-bruixelles-01.png\"><img loading=\"lazy\" decoding=\"async\" class=\"wp-image-208 size-full alignleft\" src=\"https:\/\/www.hertoghe.eu\/wp-content\/uploads\/sauna-spa-louise-bruixelles-01.png\" width=\"250\" height=\"250\" \/><\/a><\/strong><\/p>\n<h2 style=\"text-align: left;\"><strong>Le SPA Louise<\/strong><\/h2>\n<p>Situ\u00e9 \u00e0 Ixelles, le Spa Louise vous accueille pour des s\u00e9ances d\u2019Aquabike, de massage, de d\u00e9tente (Sauna- Hammam, Jacuzzi). Possibilit\u00e9s de r\u00e9server des s\u00e9ances priv\u00e9es. Le Spa est ouvert 7\/7 uniquement sur rendez-vous.<\/p>\n<p>&#x1f4cd; Rue Defacqz 28, 1050 Bruxelles<\/p>\n<p style=\"text-align: left;\"><a class=\"file-button clear\" href=\"http:\/\/www.spa-louise.com\" target=\"_blank\" rel=\"noopener noreferrer\">Plus d&rsquo;informations<\/a><\/p>\n<hr \/>\n<p style=\"text-align: right;\"><strong><a href=\"https:\/\/www.hertoghe.eu\/wp-content\/uploads\/espe\u0301rance.png\"><img loading=\"lazy\" decoding=\"async\" class=\"wp-image-208 size-full alignleft\" src=\"https:\/\/www.hertoghe.eu\/wp-content\/uploads\/espe\u0301rance.png\" width=\"250\" height=\"250\" \/><\/a><\/strong><\/p>\n<h2 style=\"text-align: left;\"><strong>Esp\u00e9rance<\/strong><\/h2>\n<p>Situ\u00e9 au centre de Bruxelles, le spa Esp\u00e9rance vous accueille dans un espace o\u00f9 tendance et raffinement sont mis \u00e0 l\u2019honneur. Les soins propos\u00e9s sont garantis de haute qualit\u00e9 gr\u00e2ce aux produits haut de gamme de la marque Sothys. Une adresse \u00e0 ne pas manquer. Le spa est \u00e9galement ouvert en soir\u00e9e.<\/p>\n<p>&#x1f4cd; Boulevard Adolphe Max 72, 1000 Bruxelles<\/p>\n<p><a class=\"file-button clear\" href=\"http:\/\/esperancebienetre.be\/\" target=\"_blank\" rel=\"noopener noreferrer\">Plus d&rsquo;informations<\/a><\/p>\n<hr \/>\n<h2>\u00a0<\/h2>\n<h2><img loading=\"lazy\" decoding=\"async\" class=\"wp-image-7498 alignleft\" src=\"https:\/\/www.hertoghe.eu\/wp-content\/uploads\/lloyd-300x300.png\" alt=\"\" width=\"241\" height=\"241\" srcset=\"https:\/\/www.hertoghe.eu\/wp-content\/uploads\/lloyd-300x300.png 300w, https:\/\/www.hertoghe.eu\/wp-content\/uploads\/lloyd-1024x1024.png 1024w, https:\/\/www.hertoghe.eu\/wp-content\/uploads\/lloyd-150x150.png 150w, https:\/\/www.hertoghe.eu\/wp-content\/uploads\/lloyd-768x768.png 768w, https:\/\/www.hertoghe.eu\/wp-content\/uploads\/lloyd-1536x1536.png 1536w, https:\/\/www.hertoghe.eu\/wp-content\/uploads\/lloyd-2048x2048.png 2048w, https:\/\/www.hertoghe.eu\/wp-content\/uploads\/lloyd-45x45.png 45w\" sizes=\"auto, (max-width: 241px) 100vw, 241px\" \/><\/h2>\n<h2>\u00a0<\/h2>\n<h2 style=\"text-align: left;\"><strong>David Lloyd<\/strong><\/h2>\n<p>Un centre sportif haut de gamme o\u00f9 l\u2019on retrouve un spa complet : piscine, sauna, hammam et espaces de relaxation. Parfait pour une pause bien-\u00eatre apr\u00e8s une consultation ou une s\u00e9ance de sport.<br \/>Le + : situ\u00e9 dans la m\u00eame rue que la Clinique, un atout pratique pour nos patients.<\/p>\n<p>&#x1f4cd;Dr\u00e8ve de Lorraine 41, 1180 Bruxelles.<\/p>\n<p><a class=\"file-button clear\" href=\"https:\/\/www.davidlloyd.be\/fr-be\/clubs\/uccle\/\" target=\"_blank\" rel=\"noopener noreferrer\">Plus d&rsquo;informations<\/a><\/p>\n<p><\/div>\n<div class=\"title_code\">Activit\u00e9s sportives<\/div>\n        <div class=\"content_code\"><\/p>\n<h2 style=\"text-align: left;\"><strong><img loading=\"lazy\" decoding=\"async\" class=\"wp-image-7501 alignleft\" src=\"https:\/\/www.hertoghe.eu\/wp-content\/uploads\/Yoga-Room-300x300.png\" alt=\"\" width=\"237\" height=\"237\" srcset=\"https:\/\/www.hertoghe.eu\/wp-content\/uploads\/Yoga-Room-300x300.png 300w, https:\/\/www.hertoghe.eu\/wp-content\/uploads\/Yoga-Room-1024x1024.png 1024w, https:\/\/www.hertoghe.eu\/wp-content\/uploads\/Yoga-Room-150x150.png 150w, https:\/\/www.hertoghe.eu\/wp-content\/uploads\/Yoga-Room-768x768.png 768w, https:\/\/www.hertoghe.eu\/wp-content\/uploads\/Yoga-Room-1536x1536.png 1536w, https:\/\/www.hertoghe.eu\/wp-content\/uploads\/Yoga-Room-2048x2048.png 2048w, https:\/\/www.hertoghe.eu\/wp-content\/uploads\/Yoga-Room-45x45.png 45w\" sizes=\"auto, (max-width: 237px) 100vw, 237px\" \/>Yoga Room<\/strong><\/h2>\n<p>Un studio lumineux o\u00f9 l\u2019on pratique un yoga moderne et accessible, encadr\u00e9 par des professeurs exp\u00e9riment\u00e9s. Parfait pour am\u00e9liorer la respiration, la posture et la gestion du stress.<br \/>Le + : \u00e0 quelques m\u00e8tres de la Clinique, au bout de la m\u00eame rue.<\/p>\n<p>&#x1f4cd;Chauss\u00e9e de Waterloo 1487A, 1180 Uccle.<\/p>\n<p><a class=\"file-button clear\" href=\"https:\/\/www.yoga-room.be\/\" target=\"_blank\" rel=\"noopener noreferrer\">Plus d&rsquo;informations<\/a><\/p>\n<hr \/>\n<h2 style=\"text-align: left;\"><strong><img loading=\"lazy\" decoding=\"async\" class=\"wp-image-7498 alignleft\" src=\"https:\/\/www.hertoghe.eu\/wp-content\/uploads\/lloyd-300x300.png\" alt=\"\" width=\"239\" height=\"239\" srcset=\"https:\/\/www.hertoghe.eu\/wp-content\/uploads\/lloyd-300x300.png 300w, https:\/\/www.hertoghe.eu\/wp-content\/uploads\/lloyd-1024x1024.png 1024w, https:\/\/www.hertoghe.eu\/wp-content\/uploads\/lloyd-150x150.png 150w, https:\/\/www.hertoghe.eu\/wp-content\/uploads\/lloyd-768x768.png 768w, https:\/\/www.hertoghe.eu\/wp-content\/uploads\/lloyd-1536x1536.png 1536w, https:\/\/www.hertoghe.eu\/wp-content\/uploads\/lloyd-2048x2048.png 2048w, https:\/\/www.hertoghe.eu\/wp-content\/uploads\/lloyd-45x45.png 45w\" sizes=\"auto, (max-width: 239px) 100vw, 239px\" \/>David Lloyd<\/strong><\/h2>\n<p>Un club de sport complet : cours collectifs, piscine, salle de fitness, spa et espaces bien-\u00eatre. L\u2019endroit id\u00e9al pour reprendre une activit\u00e9 en douceur ou intensifier son entra\u00eenement dans un cadre premium.<br \/>Le + : situ\u00e9 dans la m\u00eame rue que la Clinique, tr\u00e8s pratique pour combiner rendez-vous et activit\u00e9 physique.<\/p>\n<p>&#x1f4cd;Dr\u00e8ve de Lorraine 41, 1180 Uccle.<\/p>\n<p style=\"text-align: left;\"><a class=\"file-button clear\" href=\"https:\/\/www.davidlloyd.be\/fr-be\/clubs\/uccle\/\" target=\"_blank\" rel=\"noopener noreferrer\">Plus d&rsquo;informations<\/a><\/p>\n<hr \/>\n<h2>\u00a0<\/h2>\n<h2 style=\"text-align: left;\"><strong><img loading=\"lazy\" decoding=\"async\" class=\"wp-image-7499 alignleft\" src=\"https:\/\/www.hertoghe.eu\/wp-content\/uploads\/mix-300x300.png\" alt=\"\" width=\"233\" height=\"233\" srcset=\"https:\/\/www.hertoghe.eu\/wp-content\/uploads\/mix-300x300.png 300w, https:\/\/www.hertoghe.eu\/wp-content\/uploads\/mix-1024x1024.png 1024w, https:\/\/www.hertoghe.eu\/wp-content\/uploads\/mix-150x150.png 150w, https:\/\/www.hertoghe.eu\/wp-content\/uploads\/mix-768x768.png 768w, https:\/\/www.hertoghe.eu\/wp-content\/uploads\/mix-1536x1536.png 1536w, https:\/\/www.hertoghe.eu\/wp-content\/uploads\/mix-2048x2048.png 2048w, https:\/\/www.hertoghe.eu\/wp-content\/uploads\/mix-45x45.png 45w\" sizes=\"auto, (max-width: 233px) 100vw, 233px\" \/>Mix Brussels<\/strong><\/h2>\n<p>Un cadre sportif moderne avec cours quotidiens, exercices techniques, s\u00e9ances d\u2019aquagym et espaces bien-\u00eatre. L\u2019exp\u00e9rience lifestyle compl\u00e8te, pens\u00e9e pour ceux qui aiment varier leurs entra\u00eenements.<br \/>Le + : un tr\u00e8s large choix d\u2019activit\u00e9s, dans un environnement design et \u00e9nergisant.<\/p>\n<p>&#x1f4cd;Boulevard du Souverain 25, 1170 Watermael-Boitsfort.<\/p>\n<p><a class=\"file-button clear\" href=\"https:\/\/mix.brussels\/fr\/\" target=\"_blank\" rel=\"noopener noreferrer\">Plus d&rsquo;informations<\/a><\/p>\n<hr \/>\n<p style=\"text-align: right;\"><strong><a href=\"https:\/\/www.hertoghe.eu\/wp-content\/uploads\/espe\u0301rance.png\"><img loading=\"lazy\" decoding=\"async\" class=\"wp-image-208 size-full alignleft\" src=\"https:\/\/www.hertoghe.eu\/wp-content\/uploads\/espe\u0301rance.png\" width=\"250\" height=\"250\" \/><\/a><\/strong><\/p>\n<h2 style=\"text-align: left;\"><strong>ANIMO Studios<\/strong><\/h2>\n<p>Un studio boutique fitness sp\u00e9cialis\u00e9 dans des s\u00e9ances efficaces, modernes et encadr\u00e9es. Parfait pour ceux qui recherchent une approche dynamique, sur mesure et haut de gamme.<br \/>Le + : l\u2019encadrement pr\u00e9cis et l\u2019ambiance motivante.<\/p>\n<p>&#x1f4cd;Chauss\u00e9e de Vleurgat 73, 1050 Ixelles.<\/p>\n<p><a class=\"file-button clear\" href=\"https:\/\/www.animo-studios.com\/\" target=\"_blank\" rel=\"noopener noreferrer\">Plus d&rsquo;informations<\/a><\/p>\n<hr \/>\n<h2 style=\"text-align: left;\"><strong><img loading=\"lazy\" decoding=\"async\" class=\"wp-image-7500 alignleft\" src=\"https:\/\/www.hertoghe.eu\/wp-content\/uploads\/reformer-300x300.png\" alt=\"\" width=\"227\" height=\"227\" srcset=\"https:\/\/www.hertoghe.eu\/wp-content\/uploads\/reformer-300x300.png 300w, https:\/\/www.hertoghe.eu\/wp-content\/uploads\/reformer-1024x1024.png 1024w, https:\/\/www.hertoghe.eu\/wp-content\/uploads\/reformer-150x150.png 150w, https:\/\/www.hertoghe.eu\/wp-content\/uploads\/reformer-768x768.png 768w, https:\/\/www.hertoghe.eu\/wp-content\/uploads\/reformer-1536x1536.png 1536w, https:\/\/www.hertoghe.eu\/wp-content\/uploads\/reformer-2048x2048.png 2048w, https:\/\/www.hertoghe.eu\/wp-content\/uploads\/reformer-45x45.png 45w\" sizes=\"auto, (max-width: 227px) 100vw, 227px\" \/>Brussels Reformer Studio<\/strong><\/h2>\n<p>Un studio de Pilates Reformer en petit groupe (maximum 6 personnes), id\u00e9al pour travailler la posture, la tonicit\u00e9 et le renforcement profond. L\u2019exp\u00e9rience est premium : classes limit\u00e9es, machines performantes et encadrement de qualit\u00e9.<br \/>Le + : parfait pour un passage unique gr\u00e2ce \u00e0 l\u2019inscription simple et \u00e0 la flexibilit\u00e9 des cours.<\/p>\n<p>\u00a0 \u00a0 \u00a0 \u00a0 \u00a0 \u00a0 \u00a0 \u00a0 \u00a0 \u00a0 \u00a0 \u00a0 \u00a0 \u00a0 \u00a0 \u00a0 \u00a0 \u00a0 \u00a0 \u00a0 \u00a0 \u00a0 \u00a0 \u00a0 \u00a0 \u00a0 \u00a0 &#x1f4cd;Rue de la Vall\u00e9e 51, 1050 Bruxelles.<\/p>\n<p><a class=\"file-button clear\" href=\"https:\/\/www.animo-studios.com\/reformer-1\" target=\"_blank\" rel=\"noopener noreferrer\">Plus d&rsquo;informations<\/a><\/p>\n<hr \/>\n<h2 style=\"text-align: left;\"><strong><img loading=\"lazy\" decoding=\"async\" class=\"wp-image-7497 alignleft\" src=\"https:\/\/www.hertoghe.eu\/wp-content\/uploads\/bois-de-la-cambre-300x300.png\" alt=\"\" width=\"241\" height=\"241\" srcset=\"https:\/\/www.hertoghe.eu\/wp-content\/uploads\/bois-de-la-cambre-300x300.png 300w, https:\/\/www.hertoghe.eu\/wp-content\/uploads\/bois-de-la-cambre-1024x1024.png 1024w, https:\/\/www.hertoghe.eu\/wp-content\/uploads\/bois-de-la-cambre-150x150.png 150w, https:\/\/www.hertoghe.eu\/wp-content\/uploads\/bois-de-la-cambre-768x768.png 768w, https:\/\/www.hertoghe.eu\/wp-content\/uploads\/bois-de-la-cambre-1536x1536.png 1536w, https:\/\/www.hertoghe.eu\/wp-content\/uploads\/bois-de-la-cambre-2048x2048.png 2048w, https:\/\/www.hertoghe.eu\/wp-content\/uploads\/bois-de-la-cambre-45x45.png 45w\" sizes=\"auto, (max-width: 241px) 100vw, 241px\" \/>Balade dans le Bois de la Cambre<\/strong><\/h2>\n<p>\u00c0 quelques minutes de la Clinique, ce grand parc arbor\u00e9 est un v\u00e9ritable havre de paix. Id\u00e9al pour marcher, respirer, se recentrer ou simplement profiter de la nature apr\u00e8s un rendez-vous.<\/p>\n<p>&#x1f4cd;Bois de la Cambre, Bruxelles.<\/p>\n<p><a class=\"file-button clear\" href=\"https:\/\/www.visit.brussels\/fr\/visiteurs\/venue-details.Bois-de-la-Cambre.230548\" target=\"_blank\" rel=\"noopener noreferrer\" data-wplink-edit=\"true\">Plus d&rsquo;informations<\/a><\/p>\n\n\n<p><\/div>\n","protected":false},"excerpt":{"rendered":"","protected":false},"author":2,"featured_media":0,"parent":0,"menu_order":0,"comment_status":"closed","ping_status":"closed","template":"","meta":{"_acf_changed":false,"cybocfi_hide_featured_image":"","footnotes":""},"class_list":["post-7279","page","type-page","status-publish","hentry"],"acf":[],"_links":{"self":[{"href":"https:\/\/www.hertoghe.eu\/fr\/wp-json\/wp\/v2\/pages\/7279","targetHints":{"allow":["GET"]}}],"collection":[{"href":"https:\/\/www.hertoghe.eu\/fr\/wp-json\/wp\/v2\/pages"}],"about":[{"href":"https:\/\/www.hertoghe.eu\/fr\/wp-json\/wp\/v2\/types\/page"}],"author":[{"embeddable":true,"href":"https:\/\/www.hertoghe.eu\/fr\/wp-json\/wp\/v2\/users\/2"}],"replies":[{"embeddable":true,"href":"https:\/\/www.hertoghe.eu\/fr\/wp-json\/wp\/v2\/comments?post=7279"}],"version-history":[{"count":11,"href":"https:\/\/www.hertoghe.eu\/fr\/wp-json\/wp\/v2\/pages\/7279\/revisions"}],"predecessor-version":[{"id":7506,"href":"https:\/\/www.hertoghe.eu\/fr\/wp-json\/wp\/v2\/pages\/7279\/revisions\/7506"}],"wp:attachment":[{"href":"https:\/\/www.hertoghe.eu\/fr\/wp-json\/wp\/v2\/media?parent=7279"}],"curies":[{"name":"wp","href":"https:\/\/api.w.org\/{rel}","templated":true}]}}