{"id":7107,"date":"2025-09-12T11:18:44","date_gmt":"2025-09-12T09:18:44","guid":{"rendered":"https:\/\/www.hertoghe.eu\/?page_id=7107"},"modified":"2025-10-08T10:22:48","modified_gmt":"2025-10-08T08:22:48","slug":"istanbul","status":"publish","type":"page","link":"https:\/\/www.hertoghe.eu\/fr\/istanbul\/","title":{"rendered":"Istanbul"},"content":{"rendered":"\n<div class=\"wp-block-stackable-image stk-block-image stk-block stk-79caeb6\" data-block-id=\"79caeb6\"><style>.stk-79caeb6 .stk-img-wrapper{width:49% !important;height:516px !important;}<\/style><figure><span class=\"stk-img-wrapper stk-image--shape-stretch\"><img loading=\"lazy\" decoding=\"async\" class=\"stk-img wp-image-7181\" src=\"https:\/\/www.hertoghe.eu\/wp-content\/uploads\/DSCF7994-scaled.jpg\" width=\"2048\" height=\"2560\" srcset=\"https:\/\/www.hertoghe.eu\/wp-content\/uploads\/DSCF7994-scaled.jpg 2048w, https:\/\/www.hertoghe.eu\/wp-content\/uploads\/DSCF7994-240x300.jpg 240w, https:\/\/www.hertoghe.eu\/wp-content\/uploads\/DSCF7994-819x1024.jpg 819w, https:\/\/www.hertoghe.eu\/wp-content\/uploads\/DSCF7994-768x960.jpg 768w, https:\/\/www.hertoghe.eu\/wp-content\/uploads\/DSCF7994-1229x1536.jpg 1229w, https:\/\/www.hertoghe.eu\/wp-content\/uploads\/DSCF7994-1638x2048.jpg 1638w\" sizes=\"auto, (max-width: 2048px) 100vw, 2048px\" \/><\/span><\/figure><\/div>\n\n\n\n<p>Nous sommes fiers d\u2019annoncer le lancement d\u2019une nouvelle collaboration \u00e0 Istanbul, en Turquie :<br>Hertoghe Vitality par le Dr Ebru \u00dcnal, une clinique d\u00e9di\u00e9e \u00e0 la m\u00e9decine hormonale, nutritionnelle et de long\u00e9vit\u00e9 avanc\u00e9e.<\/p>\n\n\n\n<p>Le Dr Ebru \u00dcnal est une sp\u00e9cialiste certifi\u00e9e en m\u00e9decine de long\u00e9vit\u00e9 et une gyn\u00e9cologue esth\u00e9tique reconnue \u00e0 l\u2019international, forte de plus de 20 ans d\u2019exp\u00e9rience dans l\u2019accompagnement des femmes pour am\u00e9liorer leur sant\u00e9, leur confiance et leur qualit\u00e9 de vie globale. Elle a suivi sa formation chirurgicale au Stanford University Medical Center, o\u00f9 elle a travaill\u00e9 aux c\u00f4t\u00e9s de certains des meilleurs chirurgiens laparoscopiques au monde.<\/p>\n\n\n\n<p>Son int\u00e9r\u00eat pour la m\u00e9decine de long\u00e9vit\u00e9 a d\u00e9but\u00e9 sur le plan personnel, en tant que patiente du Dr Thierry Hertoghe. Inspir\u00e9e par ses propres r\u00e9sultats transformateurs, elle a poursuivi une formation formelle sous sa supervision et a compl\u00e9t\u00e9 un programme postuniversitaire avec l\u2019International Hormone Society.<\/p>\n\n\n\n<p>La clinique d\u2019Istanbul repr\u00e9sente une fusion de l\u2019expertise chirurgicale et des connaissances hormonales du Dr \u00dcnal avec les protocoles mondialement reconnus d\u00e9velopp\u00e9s par le Dr Hertoghe. L\u2019approche est globale, scientifique et profond\u00e9ment personnalis\u00e9e, prenant en compte l\u2019\u00e9quilibre hormonal, la sant\u00e9 m\u00e9tabolique, la vitalit\u00e9 et l\u2019esth\u00e9tique.<\/p>\n\n\n\n<p>Ce nouveau chapitre \u00e0 Istanbul s\u2019inscrit dans la continuit\u00e9 de l\u2019excellence de la m\u00e9decine Hertoghe \u00e0 Bruxelles. Alors que le Dr Thierry Hertoghe continue d\u2019accueillir des patients du monde entier en Belgique, la nouvelle clinique dirig\u00e9e par le Dr Ebru \u00dcnal offre une porte suppl\u00e9mentaire, rendant les protocoles Hertoghe plus accessibles aux personnes bas\u00e9es en Turquie et dans les r\u00e9gions voisines. Les patients b\u00e9n\u00e9ficieront des m\u00eames standards de soins reconnus \u00e0 l\u2019international, prodigu\u00e9s avec chaleur et pr\u00e9cision, avec des consultations disponibles en turc et en anglais.<\/p>\n\n\n\n<p>&#x1f33f; Commencez votre parcours avec le Dr Ebru \u00dcnal et prenez rendez-vous d\u00e8s aujourd\u2019hui :<\/p>\n\n\n\n<p>+90 549 256 1213 | +90 505 617 6500<\/p>\n\n\n\n<p>&#x1f4cd; Adresse de la clinique<\/p>\n\n\n\n<p>Ayaza\u011fa Mahallesi, Azerbaycan Caddesi<br>Vadistanbul 2A Ofis, Kat 9 Daire 68<br>Sar\u0131yer, Istanbul, Turquie<\/p>\n\n\n\n<p><\/p>\n","protected":false},"excerpt":{"rendered":"<p>Nous sommes fiers d\u2019annoncer le lancement d\u2019une nouvelle collaboration \u00e0 Istanbul, en Turquie :Hertoghe Vitality par le Dr Ebru \u00dcnal, une clinique d\u00e9di\u00e9e \u00e0 la m\u00e9decine hormonale, nutritionnelle et de long\u00e9vit\u00e9 avanc\u00e9e. Le Dr Ebru \u00dcnal est une sp\u00e9cialiste certifi\u00e9e en m\u00e9decine de long\u00e9vit\u00e9 et une gyn\u00e9cologue esth\u00e9tique reconnue \u00e0 l\u2019international, forte de plus de [&hellip;]<\/p>\n","protected":false},"author":2,"featured_media":0,"parent":0,"menu_order":0,"comment_status":"closed","ping_status":"closed","template":"","meta":{"_acf_changed":false,"cybocfi_hide_featured_image":"","footnotes":""},"class_list":["post-7107","page","type-page","status-publish","hentry"],"acf":[],"_links":{"self":[{"href":"https:\/\/www.hertoghe.eu\/fr\/wp-json\/wp\/v2\/pages\/7107","targetHints":{"allow":["GET"]}}],"collection":[{"href":"https:\/\/www.hertoghe.eu\/fr\/wp-json\/wp\/v2\/pages"}],"about":[{"href":"https:\/\/www.hertoghe.eu\/fr\/wp-json\/wp\/v2\/types\/page"}],"author":[{"embeddable":true,"href":"https:\/\/www.hertoghe.eu\/fr\/wp-json\/wp\/v2\/users\/2"}],"replies":[{"embeddable":true,"href":"https:\/\/www.hertoghe.eu\/fr\/wp-json\/wp\/v2\/comments?post=7107"}],"version-history":[{"count":5,"href":"https:\/\/www.hertoghe.eu\/fr\/wp-json\/wp\/v2\/pages\/7107\/revisions"}],"predecessor-version":[{"id":7193,"href":"https:\/\/www.hertoghe.eu\/fr\/wp-json\/wp\/v2\/pages\/7107\/revisions\/7193"}],"wp:attachment":[{"href":"https:\/\/www.hertoghe.eu\/fr\/wp-json\/wp\/v2\/media?parent=7107"}],"curies":[{"name":"wp","href":"https:\/\/api.w.org\/{rel}","templated":true}]}}