{"id":7105,"date":"2025-09-12T11:18:27","date_gmt":"2025-09-12T09:18:27","guid":{"rendered":"https:\/\/www.hertoghe.eu\/?page_id=7105"},"modified":"2025-10-23T11:38:02","modified_gmt":"2025-10-23T09:38:02","slug":"paris","status":"publish","type":"page","link":"https:\/\/www.hertoghe.eu\/fr\/paris\/","title":{"rendered":"Paris"},"content":{"rendered":"\n<div id=\"content\">\n\n    <ul id=\"team-list\">\n\n        <!-- Dr. Marc Naett -->\n        <li>\n            <a href=\"https:\/\/www.hertoghe.eu\/fr\/team\/dr-marc-naett\/\">\n                <div class=\"team-img\">\n                    <img width=\"133\" height=\"200\" src=\"https:\/\/www.hertoghe.eu\/wp-content\/uploads\/Dr.Naett_-1-133x200.jpg\" class=\"attachment-team size-team wp-post-image\" alt=\"Dr. Marc Naett\" decoding=\"async\" loading=\"lazy\" \/>\n                <\/div>\n            <\/a>\n        <\/li>\n        <li>\n            <a href=\"https:\/\/www.hertoghe.eu\/fr\/team\/dr-marc-naett\/\">\n                <h2>Dr Marc Naett<\/h2>\n                <p>\u00ab Gyn\u00e9cologue sp\u00e9cialis\u00e9 en fertilit\u00e9 et en m\u00e9nopause depuis 30 ans, l\u2019application des traitements hormonaux et micronutritionels \u00e0 l\u2019ensemble des pathologies m\u2019est apparue \u00e9vidente.<\/p>\n                <p>La rectification des \u00e9quilibres biologiques permet au mieux de restaurer ou de garder une sant\u00e9 optimale, pr\u00e9venir la maladie et ralentir les processus du vieillissement. \u00bb<\/p>\n                <p><strong>Langues parl\u00e9es:<\/strong> Fran\u00e7ais \/ Anglais<\/p>\n                <span>Lire la suite<\/span>\n            <\/a>\n        <\/li>\n        <div class=\"clear\"><\/div>\n\n      \n    <\/ul>\n\n<\/div><!-- \/content -->\n\n\n\n\n<div id=\"content\" class=\"left-content\">\n    <h1>Prendre rendez-vous<\/h1>\n    <p>Vous pouvez prendre rendez-vous<\/p>\n\n    <h2>Par t\u00e9l\u00e9phone<\/h2>\n    <p>\n        Au +32 (0) 2 736 68 68<br \/>\n        Du lundi au jeudi : de 9h00 \u00e0 18h00<br \/>\n        Le vendredi : de 9h00 \u00e0 12h30 et de 13h00 \u00e0 17h00\n    <\/p>\n\n    <h2>Par e-mail<\/h2>\n    <p>\n        <a href=\"&#x6d;&#97;i&#x6c;&#116;o&#x3a;&#115;e&#x63;&#114;e&#x74;&#97;r&#x79;&#x40;h&#x65;&#x72;&#116;&#x6f;&#x67;&#104;&#x65;&#x2e;&#101;u\">&#x73;&#101;c&#x72;&#x65;&#116;a&#x72;&#121;&#64;&#x68;&#x65;&#114;t&#x6f;&#103;h&#x65;&#x2e;&#101;u<\/a>\n    <\/p>\n    <p>\n        <strong>Liste d\u2019attente<\/strong>: lorsqu\u2019aucune plage n\u2019est disponible, vous \u00eates plac\u00e9(e) sur liste d\u2019attente. N\u2019h\u00e9sitez pas \u00e0 prendre r\u00e9guli\u00e8rement contact avec notre secr\u00e9tariat afin de b\u00e9n\u00e9ficier d\u2019un rendez-vous.\n    <\/p>\n\n    <h2>Sur notre plateforme en ligne<\/h2>\n    <p>\n        <a class=\"file-button\" href=\"https:\/\/app.doctormanager.be\/drhertogheclinic\/rdv\/allReason\" target=\"_blank\" rel=\"noopener noreferrer\">Prendre ou annuler un rendez-vous<\/a>\n    <\/p>\n    <p>\n        ATTENTION : Pour tout <strong>d\u00e9sistement<\/strong>, veuillez le faire <strong>au plus tard 48h \u00e0 l\u2019avance<\/strong>. Sans cela, nous nous verrons dans l\u2019obligation de vous facturer le montant de la consultation.\n    <\/p>\n<\/div><!-- \/content -->\n\n<aside>\n    <div id=\"sidebar\"><\/div>\n<\/aside>\n\n","protected":false},"excerpt":{"rendered":"<p>Dr Marc Naett \u00ab Gyn\u00e9cologue sp\u00e9cialis\u00e9 en fertilit\u00e9 et en m\u00e9nopause depuis 30 ans, l\u2019application des traitements hormonaux et micronutritionels \u00e0 l\u2019ensemble des pathologies m\u2019est apparue \u00e9vidente. La rectification des \u00e9quilibres biologiques permet au mieux de restaurer ou de garder une sant\u00e9 optimale, pr\u00e9venir la maladie et ralentir les processus du vieillissement. \u00bb Langues parl\u00e9es: [&hellip;]<\/p>\n","protected":false},"author":2,"featured_media":0,"parent":0,"menu_order":0,"comment_status":"closed","ping_status":"closed","template":"","meta":{"_acf_changed":false,"cybocfi_hide_featured_image":"","footnotes":""},"class_list":["post-7105","page","type-page","status-publish","hentry"],"acf":[],"_links":{"self":[{"href":"https:\/\/www.hertoghe.eu\/fr\/wp-json\/wp\/v2\/pages\/7105","targetHints":{"allow":["GET"]}}],"collection":[{"href":"https:\/\/www.hertoghe.eu\/fr\/wp-json\/wp\/v2\/pages"}],"about":[{"href":"https:\/\/www.hertoghe.eu\/fr\/wp-json\/wp\/v2\/types\/page"}],"author":[{"embeddable":true,"href":"https:\/\/www.hertoghe.eu\/fr\/wp-json\/wp\/v2\/users\/2"}],"replies":[{"embeddable":true,"href":"https:\/\/www.hertoghe.eu\/fr\/wp-json\/wp\/v2\/comments?post=7105"}],"version-history":[{"count":2,"href":"https:\/\/www.hertoghe.eu\/fr\/wp-json\/wp\/v2\/pages\/7105\/revisions"}],"predecessor-version":[{"id":7221,"href":"https:\/\/www.hertoghe.eu\/fr\/wp-json\/wp\/v2\/pages\/7105\/revisions\/7221"}],"wp:attachment":[{"href":"https:\/\/www.hertoghe.eu\/fr\/wp-json\/wp\/v2\/media?parent=7105"}],"curies":[{"name":"wp","href":"https:\/\/api.w.org\/{rel}","templated":true}]}}