{"id":7099,"date":"2025-09-12T11:11:53","date_gmt":"2025-09-12T09:11:53","guid":{"rendered":"https:\/\/www.hertoghe.eu\/?page_id=7099"},"modified":"2025-10-23T11:36:58","modified_gmt":"2025-10-23T09:36:58","slug":"bruxelles","status":"publish","type":"page","link":"https:\/\/www.hertoghe.eu\/fr\/equipe\/bruxelles\/","title":{"rendered":"Bruxelles"},"content":{"rendered":"\n<p><\/p>\n\n\n\n<div id=\"content\">\n\n    <ul id=\"team-list\">\n\n      \n\n        <!-- Dr. Sabine Vranken -->\n        <li>\n            <a href=\"https:\/\/www.hertoghe.eu\/fr\/team\/dr-sabine-vranken\/\">\n                <div class=\"team-img\">\n                    <img width=\"133\" height=\"200\" src=\"https:\/\/www.hertoghe.eu\/wp-content\/uploads\/Dr.Vranken19-133x200.jpg\" class=\"attachment-team size-team wp-post-image\" alt=\"Dr. Sabine Vranken\" decoding=\"async\" loading=\"lazy\" \/>\n                <\/div>\n            <\/a>\n        <\/li>\n        <li>\n            <a href=\"https:\/\/www.hertoghe.eu\/fr\/team\/dr-sabine-vranken\/\">\n                <h2>Dr Sabine Vranken<\/h2>\n                <p>La m\u00e9decine g\u00e9n\u00e9rale fait partie de mon quotidien depuis plus de 30 ans.<\/p>\n                <p>Dans cette pratique, j\u2019ai fait constamment appel aux th\u00e9rapies hormonales, notamment dans le domaine de la m\u00e9nopause, du diab\u00e8te et des probl\u00e8mes thyro\u00efdiens. Mon int\u00e9r\u00eat pour l\u2019approche nutritionnelle et micronutritionnelle s\u2019est av\u00e9r\u00e9 un compl\u00e9ment du traitement hormonal.<\/p>\n                <p>La th\u00e9rapie hormonale est l\u2019outil de pointe et du futur pour aider le m\u00e9decin dans ses d\u00e9fis quotidiens. Gr\u00e2ce \u00e0 l\u2019apport personnalis\u00e9 d\u2019hormones bioidentiques \u00e0 dose physiologique, nous pouvons pallier au manque d\u2019hormones dans le corps humain et les carences li\u00e9es \u00e0 l\u2019\u00e2ge, la pollution, les perturbateurs endocriniens, l\u2019alimentation industrielle, les maladies inflammatoires, le stress, etc. Une di\u00e8te appropri\u00e9e (pal\u00e9onutrition) compl\u00e9t\u00e9e par des nutriments et micronutriments de qualit\u00e9 soutient de mani\u00e8re id\u00e9ale et incontournable la prise d\u2019hormones bio-identiques.<\/p>\n                <p>La collaboration avec la clinique Hertoghe est pour moi une chance \u00e9norme d\u2019\u00e9largir ce champ d\u2019activit\u00e9 passionnant et tr\u00e8s prometteur !<\/p>\n                <p><strong>Langues parl\u00e9es :<\/strong> Fran\u00e7ais\/Anglais\/N\u00e9erlandais<\/p>\n                <span>Lire la suite<\/span>\n            <\/a>\n        <\/li>\n        <div class=\"clear\"><\/div>\n\n        <!-- Dr. Guy Gerin -->\n        <li>\n            <a href=\"https:\/\/www.hertoghe.eu\/fr\/team\/dr-guy-gerin\/\">\n                <div class=\"team-img\">\n                    <img width=\"133\" height=\"200\" src=\"https:\/\/www.hertoghe.eu\/wp-content\/uploads\/Guy-Gerin2019-133x200.jpg\" class=\"attachment-team size-team wp-post-image\" alt=\"Dr. Guy Gerin\" decoding=\"async\" loading=\"lazy\" \/>\n                <\/div>\n            <\/a>\n        <\/li>\n        <li>\n            <a href=\"https:\/\/www.hertoghe.eu\/fr\/team\/dr-guy-gerin\/\">\n                <h2>Dr Guy Gerin<\/h2>\n                <p>\u00ab Apr\u00e8s plus de 30ans de m\u00e9decine g\u00e9n\u00e9rale, les th\u00e9rapies hormonales m\u2019ont offert ce qui manquait \u00e0 ma pratique.<\/p>\n                <p>Le patient est au centre de mes pr\u00e9occupations. J\u2019aime prendre le temps n\u00e9cessaire dans la consultation pour arriver au bon diagnostic et traitement. Pour moi, le r\u00f4le du m\u00e9decin est de faire \u00e9quipe avec son patient \u00e0 parts \u00e9gales chacun en transmettant l\u2019information pour que le patient puisse prendre pleinement part aux d\u00e9cisions et suivi des th\u00e9rapies, cog\u00e9rant son traitement.<\/p>\n                <p>Je travaille depuis plus de huit ans \u00e0 la clinique en collaboration \u00e9troite avec le docteur Hertoghe. Je participe r\u00e9guli\u00e8rement, souvent comme participant et parfois comme orateur, \u00e0 des colloques m\u00e9dicaux dont ceux bas\u00e9s sur le maintien de la sant\u00e9 et la pr\u00e9vention des s\u00e9nescences (th\u00e9rapies hormonales, nutritionnelles, di\u00e9t\u00e9tiques) pour mieux me perfectionner.\u00bb<\/p>\n                <p><strong>Langues parl\u00e9es :<\/strong> Fran\u00e7ais\/Anglais<\/p>\n                <span>Lire la suite<\/span>\n            <\/a>\n        <\/li>\n        <div class=\"clear\"><\/div>\n\n        <!-- Dr. Marc Naett -->\n        <li>\n            <a href=\"https:\/\/www.hertoghe.eu\/fr\/team\/dr-marc-naett\/\">\n                <div class=\"team-img\">\n                    <img width=\"133\" height=\"200\" src=\"https:\/\/www.hertoghe.eu\/wp-content\/uploads\/Dr.Naett_-1-133x200.jpg\" class=\"attachment-team size-team wp-post-image\" alt=\"Dr. Marc Naett\" decoding=\"async\" loading=\"lazy\" \/>\n                <\/div>\n            <\/a>\n        <\/li>\n        <li>\n            <a href=\"https:\/\/www.hertoghe.eu\/fr\/team\/dr-marc-naett\/\">\n                <h2>Dr Marc Naett<\/h2>\n                <p>\u00ab Gyn\u00e9cologue sp\u00e9cialis\u00e9 en fertilit\u00e9 et en m\u00e9nopause depuis 30 ans, l\u2019application des traitements hormonaux et micronutritionels \u00e0 l\u2019ensemble des pathologies m\u2019est apparue \u00e9vidente.<\/p>\n                <p>La rectification des \u00e9quilibres biologiques permet au mieux de restaurer ou de garder une sant\u00e9 optimale, pr\u00e9venir la maladie et ralentir les processus du vieillissement. \u00bb<\/p>\n                <p><strong>Langues parl\u00e9es:<\/strong> Fran\u00e7ais \/ Anglais<\/p>\n                <span>Lire la suite<\/span>\n            <\/a>\n        <\/li>\n        <div class=\"clear\"><\/div>\n\n        <!-- Dr. Benoit Poutet -->\n        <li>\n            <a href=\"https:\/\/www.hertoghe.eu\/fr\/team\/dr-benoit-poutet\/\">\n                <div class=\"team-img\">\n                    <img width=\"133\" height=\"200\" src=\"https:\/\/www.hertoghe.eu\/wp-content\/uploads\/DrPoutet2019-133x200.jpg\" class=\"attachment-team size-team wp-post-image\" alt=\"Dr. Benoit Poutet\" decoding=\"async\" loading=\"lazy\" \/>\n                <\/div>\n            <\/a>\n        <\/li>\n        <li>\n            <a href=\"https:\/\/www.hertoghe.eu\/fr\/team\/dr-benoit-poutet\/\">\n                <h2>Dr Benoit Poutet<\/h2>\n                <p>\u00ab Mes 20 ans d\u2019exp\u00e9rience dans l\u2019\u00e9quipe du Dr Hertoghe me permettent d\u2019appliquer une m\u00e9decine hormonale accessible, sans risques, performante et \u00e9volutive, adapt\u00e9e aux besoins du patient. \u00bb<\/p>\n                <p><strong>Langues parl\u00e9es :<\/strong> Fran\u00e7ais\/Anglais\/N\u00e9erlandais<\/p>\n                <span>Lire la suite<\/span>\n            <\/a>\n        <\/li>\n        <div class=\"clear\"><\/div>\n\n    <\/ul>\n\n<\/div><!-- \/content -->\n\n\n\n\n<div id=\"content\" class=\"left-content\">\n    <h1>Prendre rendez-vous<\/h1>\n    <p>Vous pouvez prendre rendez-vous<\/p>\n\n    <h2>Par t\u00e9l\u00e9phone<\/h2>\n    <p>\n        Au +32 (0) 2 736 68 68<br \/>\n        Du lundi au jeudi : de 9h00 \u00e0 18h00<br \/>\n        Le vendredi : de 9h00 \u00e0 12h30 et de 13h00 \u00e0 17h00\n    <\/p>\n\n    <h2>Par e-mail<\/h2>\n    <p>\n        <a href=\"&#x6d;&#x61;&#x69;&#x6c;&#x74;&#111;&#58;&#115;&#101;cre&#x74;&#x61;&#x72;&#x79;&#x40;&#x68;&#101;&#114;&#116;ogh&#x65;&#x2e;&#x65;&#x75;\">s&#101;&#x63;&#x72;&#x65;t&#97;&#x72;&#x79;&#x40;h&#101;&#x72;&#x74;&#x6f;g&#104;&#x65;&#x2e;&#x65;u<\/a>\n    <\/p>\n    <p>\n        <strong>Liste d\u2019attente<\/strong>: lorsqu\u2019aucune plage n\u2019est disponible, vous \u00eates plac\u00e9(e) sur liste d\u2019attente. N\u2019h\u00e9sitez pas \u00e0 prendre r\u00e9guli\u00e8rement contact avec notre secr\u00e9tariat afin de b\u00e9n\u00e9ficier d\u2019un rendez-vous.\n    <\/p>\n\n    <h2>Sur notre plateforme en ligne<\/h2>\n    <p>\n        <a class=\"file-button\" href=\"https:\/\/app.doctormanager.be\/drhertogheclinic\/rdv\/allReason\" target=\"_blank\" rel=\"noopener noreferrer\">Prendre ou annuler un rendez-vous<\/a>\n    <\/p>\n    <p>\n        ATTENTION : Pour tout <strong>d\u00e9sistement<\/strong>, veuillez le faire <strong>au plus tard 48h \u00e0 l\u2019avance<\/strong>. Sans cela, nous nous verrons dans l\u2019obligation de vous facturer le montant de la consultation.\n    <\/p>\n<\/div><!-- \/content -->\n\n<aside>\n    <div id=\"sidebar\"><\/div>\n<\/aside>\n","protected":false},"excerpt":{"rendered":"<p>Dr Sabine Vranken La m\u00e9decine g\u00e9n\u00e9rale fait partie de mon quotidien depuis plus de 30 ans. Dans cette pratique, j\u2019ai fait constamment appel aux th\u00e9rapies hormonales, notamment dans le domaine de la m\u00e9nopause, du diab\u00e8te et des probl\u00e8mes thyro\u00efdiens. Mon int\u00e9r\u00eat pour l\u2019approche nutritionnelle et micronutritionnelle s\u2019est av\u00e9r\u00e9 un compl\u00e9ment du traitement hormonal. La th\u00e9rapie [&hellip;]<\/p>\n","protected":false},"author":2,"featured_media":0,"parent":13,"menu_order":0,"comment_status":"closed","ping_status":"closed","template":"","meta":{"_acf_changed":false,"cybocfi_hide_featured_image":"","footnotes":""},"class_list":["post-7099","page","type-page","status-publish","hentry"],"acf":[],"_links":{"self":[{"href":"https:\/\/www.hertoghe.eu\/fr\/wp-json\/wp\/v2\/pages\/7099","targetHints":{"allow":["GET"]}}],"collection":[{"href":"https:\/\/www.hertoghe.eu\/fr\/wp-json\/wp\/v2\/pages"}],"about":[{"href":"https:\/\/www.hertoghe.eu\/fr\/wp-json\/wp\/v2\/types\/page"}],"author":[{"embeddable":true,"href":"https:\/\/www.hertoghe.eu\/fr\/wp-json\/wp\/v2\/users\/2"}],"replies":[{"embeddable":true,"href":"https:\/\/www.hertoghe.eu\/fr\/wp-json\/wp\/v2\/comments?post=7099"}],"version-history":[{"count":3,"href":"https:\/\/www.hertoghe.eu\/fr\/wp-json\/wp\/v2\/pages\/7099\/revisions"}],"predecessor-version":[{"id":7220,"href":"https:\/\/www.hertoghe.eu\/fr\/wp-json\/wp\/v2\/pages\/7099\/revisions\/7220"}],"up":[{"embeddable":true,"href":"https:\/\/www.hertoghe.eu\/fr\/wp-json\/wp\/v2\/pages\/13"}],"wp:attachment":[{"href":"https:\/\/www.hertoghe.eu\/fr\/wp-json\/wp\/v2\/media?parent=7099"}],"curies":[{"name":"wp","href":"https:\/\/api.w.org\/{rel}","templated":true}]}}