{"id":70,"date":"2015-11-16T15:40:16","date_gmt":"2015-11-16T14:40:16","guid":{"rendered":"http:\/\/hertoghetb.cluster005.ovh.net\/?page_id=70"},"modified":"2019-06-04T12:27:18","modified_gmt":"2019-06-04T10:27:18","slug":"pourquoi-venir-en-consultation","status":"publish","type":"page","link":"https:\/\/www.hertoghe.eu\/fr\/consultations\/pourquoi-venir-en-consultation\/","title":{"rendered":"Pourquoi venir en consultation ?"},"content":{"rendered":"<p>La consultation du Cabinet du Dr Hertoghe est ax\u00e9e sur une m\u00e9decine fonctionnelle et pr\u00e9ventive. Le Dr Hertoghe travaille avec un nombre important de th\u00e9rapies hormonales diff\u00e9rentes. Toujours \u00e0 la pointe, notre clinique travaille avec des hormones uniques et bio-identiques. <a href=\"https:\/\/www.hertoghe.eu\/questions-frequemment-posees-par-les-patients-ou-leur-medecin\/\">Plus d&rsquo;information sur les questions fr\u00e9quemment pos\u00e9es \u00e0 propos des hormones<\/a>.<\/p>\n<p>&nbsp;<\/p>\n<blockquote><p>Le corps fonctionne avec de nombreuses hormones. Encore faut-il qu&rsquo;elles soient en \u00e9quilibre les unes avec les autres<\/p><\/blockquote>\n<p style=\"text-align: right;\"><em>Dr Thierry Hertoghe<\/em><\/p>\n<p>Tr\u00e8s approfondie, la consultation comprend le traitement de carences en hormones sexuelles, thyro\u00efdiennes, surr\u00e9naliennes (dont celle en DHEA, cortisol, etc.), hypophysaires (dont celle en vasopressine, hormone de croissance, etc.), et de carences en nutriments, le tout mis en parall\u00e8le avec des conseils di\u00e9t\u00e9tiques et environnementaux.<\/p>\n<p>La consultation vise \u00e9galement \u00e0 pr\u00e9venir les maladies chroniques comme les maladies cardiovasculaires (infarctus, accident vasculaire c\u00e9r\u00e9bral), d\u00e9g\u00e9n\u00e9ratives (Alzheimer, etc.), inflammatoires (rhumatisme), les cancers, etc.<\/p>\n<p>Que vous souhaitiez traiter efficacement une maladie, optimiser votre sant\u00e9, am\u00e9liorer votre qualit\u00e9 de vie, inverser le vieillissement, retrouver votre \u00e9nergie d\u2019avant ou encore gu\u00e9rir ou soulager des maladies qui ne semblent pas s\u2019am\u00e9liorer ailleurs, la consultation est adapt\u00e9e \u00e0 vos besoins, quel que soit votre \u00e2ge.<\/p>\n<blockquote><p>Soignez vos hormones, elles vous le rendront<\/p><\/blockquote>\n<p style=\"text-align: right;\"><em>Dr Thierry Hertoghe<\/em><\/p>\n<h3>Troubles m\u00e9dicaux qui peuvent \u00eatre am\u00e9lior\u00e9s :<u> <\/u><\/h3>\n<p>Les probl\u00e8mes suivants peuvent \u00eatre trait\u00e9s, s\u2019ils sont dus \u00e0 une carence hormonale ou nutritionnelle, une faiblesse g\u00e9n\u00e9tique, un r\u00e9gime alimentaire inad\u00e9quat, un environnement ou des attitudes psychologiques d\u00e9favorables\u00a0:<\/p>\n<ul id=\"columns-2\">\n<li>Fatigue<\/li>\n<li>Chute de cheveux<\/li>\n<li>D\u00e9pression<\/li>\n<li>Probl\u00e8mes de peau<\/li>\n<li>Anxi\u00e9t\u00e9<\/li>\n<li>Douleurs articulaires, fibromyalgies<\/li>\n<li>Manque de r\u00e9sistance au stress<\/li>\n<li>Osteoporosis<\/li>\n<li>Perte de la m\u00e9moire<\/li>\n<li>Maux de t\u00eate<\/li>\n<li>Insomnie<\/li>\n<li>Trouble de l\u2019\u00e9rection, frigidit\u00e9, manque de libido<\/li>\n<li>Probl\u00e8me de fertilit\u00e9<\/li>\n<li>Perte de vue et d\u2019audition<\/li>\n<li>Diab\u00e8te, pr\u00e9diab\u00e8te<\/li>\n<li>Cancer (pr\u00e9vention partielle)<\/li>\n<li>Troubles digestifs, constipation, douleurs abdominales<\/li>\n<li>Maladies neurod\u00e9g\u00e9n\u00e9ratives (pr\u00e9vention\/traitement partiel)<\/li>\n<\/ul>\n<p>&nbsp;<\/p>\n<p>&nbsp;<\/p>\n","protected":false},"excerpt":{"rendered":"<p>La consultation du Cabinet du Dr Hertoghe est ax\u00e9e sur une m\u00e9decine fonctionnelle et pr\u00e9ventive. Le Dr Hertoghe travaille avec un nombre important de th\u00e9rapies hormonales diff\u00e9rentes. Toujours \u00e0 la pointe, notre clinique travaille avec des hormones uniques et bio-identiques. Plus d&rsquo;information sur les questions fr\u00e9quemment pos\u00e9es \u00e0 propos des hormones. &nbsp; Le corps fonctionne [&hellip;]<\/p>\n","protected":false},"author":3,"featured_media":0,"parent":15,"menu_order":0,"comment_status":"closed","ping_status":"closed","template":"","meta":{"_acf_changed":false,"cybocfi_hide_featured_image":"","footnotes":""},"class_list":["post-70","page","type-page","status-publish","hentry"],"acf":[],"_links":{"self":[{"href":"https:\/\/www.hertoghe.eu\/fr\/wp-json\/wp\/v2\/pages\/70","targetHints":{"allow":["GET"]}}],"collection":[{"href":"https:\/\/www.hertoghe.eu\/fr\/wp-json\/wp\/v2\/pages"}],"about":[{"href":"https:\/\/www.hertoghe.eu\/fr\/wp-json\/wp\/v2\/types\/page"}],"author":[{"embeddable":true,"href":"https:\/\/www.hertoghe.eu\/fr\/wp-json\/wp\/v2\/users\/3"}],"replies":[{"embeddable":true,"href":"https:\/\/www.hertoghe.eu\/fr\/wp-json\/wp\/v2\/comments?post=70"}],"version-history":[{"count":16,"href":"https:\/\/www.hertoghe.eu\/fr\/wp-json\/wp\/v2\/pages\/70\/revisions"}],"predecessor-version":[{"id":1929,"href":"https:\/\/www.hertoghe.eu\/fr\/wp-json\/wp\/v2\/pages\/70\/revisions\/1929"}],"up":[{"embeddable":true,"href":"https:\/\/www.hertoghe.eu\/fr\/wp-json\/wp\/v2\/pages\/15"}],"wp:attachment":[{"href":"https:\/\/www.hertoghe.eu\/fr\/wp-json\/wp\/v2\/media?parent=70"}],"curies":[{"name":"wp","href":"https:\/\/api.w.org\/{rel}","templated":true}]}}