{"id":5,"date":"2015-09-16T11:44:57","date_gmt":"2015-09-16T09:44:57","guid":{"rendered":"http:\/\/hertoghetb.cluster005.ovh.net\/?page_id=5"},"modified":"2025-10-24T09:40:04","modified_gmt":"2025-10-24T07:40:04","slug":"welcome","status":"publish","type":"page","link":"https:\/\/www.hertoghe.eu\/fr\/","title":{"rendered":"Bienvenue"},"content":{"rendered":"<p><img loading=\"lazy\" decoding=\"async\" class=\"alignleft wp-image-6698 size-full\" src=\"https:\/\/www.hertoghe.eu\/wp-content\/uploads\/photo-de-profil-blog-1.png\" alt=\"\" width=\"212\" height=\"300\" \/><span style=\"color: #808080;\">La consultation du Dr. Hertoghe vise non seulement \u00e0 traiter les maladies, mais \u00e9galement \u00e0 optimiser la sant\u00e9 de chaque patient, tout en essayant de retarder voire m\u00eame d\u2019inverser le vieillissement.<\/span><br \/>\n<span style=\"color: #808080;\">Bas\u00e9e sur des traitements hormonaux bio-identiques, des th\u00e9rapies nutritionnelles, des am\u00e9liorations du r\u00e9gime alimentaire et du style de vie, la m\u00e9decine anti-\u00e2ge a pour but fondamental d\u2019optimiser la sant\u00e9 et la qualit\u00e9 de la vie.<\/span><br \/>\n<span style=\"color: #808080;\">D\u00e9couvrez notre site internet destin\u00e9 aux patients d\u00e9sireux de s\u2019informer sur les nouveaut\u00e9s m\u00e9dicales, de mieux prendre soin d&rsquo;eux-m\u00eames, et de participer \u00e0 cet important mouvement qui pr\u00f4ne la recherche d\u2019une haute qualit\u00e9 de vie, m\u00eame \u00e0 un \u00e2ge avanc\u00e9.<\/span><\/p>\n<h2><span style=\"color: #ff4b1d;\">Qui est le Dr Hertoghe?<\/span><\/h2>\n<hr \/>\n<p><span style=\"color: #808080;\">N\u00e9 \u00e0 Anvers le 14 avril 1957, le Dr Thierry Hertoghe pratique la m\u00e9decine dans son cabinet situ\u00e9 \u00e0 Bruxelles, en Belgique. Il repr\u00e9sente, avec sa s\u0153ur Th\u00e9r\u00e8se Hertoghe, la quatri\u00e8me g\u00e9n\u00e9ration successive de m\u00e9decins travaillant avec des traitements hormonaux \u2013 et ce depuis 1892 (apr\u00e8s Eug\u00e8ne &#8211; ancien vice-pr\u00e9sident de l&rsquo;Acad\u00e9mie Royale de M\u00e9decine de Belgique, Luc et Jacques Hertoghe \u2013 interniste-endocrinologue). Le Dr. Thierry Hertoghe consacre sa vie \u00e0 rechercher et promouvoir de meilleurs traitements m\u00e9dicaux, mieux adapt\u00e9s aux patients, et bas\u00e9s sur des donn\u00e9es scientifiques solides.<\/span><\/p>\n<p><span style=\"color: #ff4b1d;\">La poursuite de cet objectif se fait de deux mani\u00e8res :<\/span><\/p>\n<ul>\n<li><span style=\"color: #808080;\">Tout d&rsquo;abord, en recueillant des donn\u00e9es scientifiques sur des th\u00e9rapies qui peuvent am\u00e9liorer la qualit\u00e9 de la vie et la sant\u00e9, ou m\u00eame augmenter l\u2019esp\u00e9rance de vie. Les informations obtenues sont ensuite transmises \u00e0 d&rsquo;autres m\u00e9decins au travers des conf\u00e9rences m\u00e9dicales, des livres et des articles, des DVDs, des \u00e9missions radio et de t\u00e9l\u00e9vision.<\/span><\/li>\n<li><span style=\"color: #808080;\">Ensuite, gr\u00e2ce \u00e0 une \u00e9tude approfondie des risques potentiels d\u2019un traitement, il enseigne aux autres m\u00e9decins comment minimiser les risques des traitements et augmenter leur s\u00e9curit\u00e9.<\/span><\/li>\n<\/ul>\n<p><span style=\"color: #808080;\">Auteur de nombreux ouvrages, le Dr. Thierry Hertoghe prend \u00e9galement la parole dans de nombreuses conf\u00e9rences et participe \u00e0 de nombreux congr\u00e8s. Il co-organise d\u2019ailleurs beaucoup de ces rassemblements sp\u00e9cialis\u00e9s, et d\u00e9tient des postes importants dans plusieurs organisations m\u00e9dicales internationales et nationales sp\u00e9cialis\u00e9es en hormonoth\u00e9rapie et\/ou en lutte contre le vieillissement. Il est le Pr\u00e9sident de la Soci\u00e9t\u00e9 Mondiale de M\u00e9decine Anti-\u00e2ge (<a style=\"color: #808080;\" href=\"http:\/\/www.wosaam.ws\" target=\"_blank\" rel=\"noopener noreferrer\">World society of anti-aging medicine<\/a>, plus de 7000 m\u00e9decins) ainsi que de l\u2019<a style=\"color: #808080;\" href=\"http:\/\/www.intlhormonesociety.org\" target=\"_blank\" rel=\"noopener noreferrer\">International Hormone Society<\/a> (plus de 2500 m\u00e9decins).<\/span><\/p>\n<p><strong><span style=\"color: #808080;\"><a class=\"file-button\" style=\"color: #808080;\" href=\"https:\/\/www.hertoghe.eu\/wp-content\/uploads\/Dr.-Hertoghe-detailed-resume.pdf\" target=\"_blank\" rel=\"noopener noreferrer\">Voir le CV du Dr Hertoghe<\/a><\/span><\/strong><\/p>\n","protected":false},"excerpt":{"rendered":"<p>La consultation du Dr. Hertoghe vise non seulement \u00e0 traiter les maladies, mais \u00e9galement \u00e0 optimiser la sant\u00e9 de chaque patient, tout en essayant de retarder voire m\u00eame d\u2019inverser le vieillissement. Bas\u00e9e sur des traitements hormonaux bio-identiques, des th\u00e9rapies nutritionnelles, des am\u00e9liorations du r\u00e9gime alimentaire et du style de vie, la m\u00e9decine anti-\u00e2ge a pour [&hellip;]<\/p>\n","protected":false},"author":3,"featured_media":0,"parent":0,"menu_order":0,"comment_status":"closed","ping_status":"closed","template":"","meta":{"_acf_changed":false,"cybocfi_hide_featured_image":"","footnotes":""},"class_list":["post-5","page","type-page","status-publish","hentry"],"acf":[],"_links":{"self":[{"href":"https:\/\/www.hertoghe.eu\/fr\/wp-json\/wp\/v2\/pages\/5","targetHints":{"allow":["GET"]}}],"collection":[{"href":"https:\/\/www.hertoghe.eu\/fr\/wp-json\/wp\/v2\/pages"}],"about":[{"href":"https:\/\/www.hertoghe.eu\/fr\/wp-json\/wp\/v2\/types\/page"}],"author":[{"embeddable":true,"href":"https:\/\/www.hertoghe.eu\/fr\/wp-json\/wp\/v2\/users\/3"}],"replies":[{"embeddable":true,"href":"https:\/\/www.hertoghe.eu\/fr\/wp-json\/wp\/v2\/comments?post=5"}],"version-history":[{"count":44,"href":"https:\/\/www.hertoghe.eu\/fr\/wp-json\/wp\/v2\/pages\/5\/revisions"}],"predecessor-version":[{"id":7228,"href":"https:\/\/www.hertoghe.eu\/fr\/wp-json\/wp\/v2\/pages\/5\/revisions\/7228"}],"wp:attachment":[{"href":"https:\/\/www.hertoghe.eu\/fr\/wp-json\/wp\/v2\/media?parent=5"}],"curies":[{"name":"wp","href":"https:\/\/api.w.org\/{rel}","templated":true}]}}