{"id":401,"date":"2015-12-04T09:53:07","date_gmt":"2015-12-04T08:53:07","guid":{"rendered":"http:\/\/hertoghetb.cluster005.ovh.net\/fr\/?page_id=401"},"modified":"2016-02-16T12:19:47","modified_gmt":"2016-02-16T11:19:47","slug":"lifespan-magazine","status":"publish","type":"page","link":"https:\/\/www.hertoghe.eu\/fr\/presse-publications\/lifespan-magazine\/","title":{"rendered":"Lifespan Magazine"},"content":{"rendered":"<h2><a href=\"http:\/\/www.lifespan-journal.com\/\" target=\"_blank\"><img decoding=\"async\" class=\"alignleft wp-image-236\" src=\"https:\/\/www.hertoghe.eu\/wp-content\/uploads\/lifespan-213x300.png\" alt=\"lifespan\" height=\"160\" \/><\/a><\/h2>\n<p>D\u00e9couvrez notre Magazine d\u00e9di\u00e9 \u00e0 promouvoir les connaissances en M\u00e9decine Pr\u00e9ventive, \u00e9dit\u00e9 par le Dr Hertoghe lui-m\u00eame. Avec des articles r\u00e9f\u00e9renc\u00e9s par d\u2019\u00e9minents praticiens provenant du monde entier, notre Magazine vous d\u00e9montre les grandes avanc\u00e9es r\u00e9alis\u00e9es en termes d\u2019am\u00e9lioration de la sant\u00e9 et de la long\u00e9vit\u00e9.<\/p>\n","protected":false},"excerpt":{"rendered":"<p>D\u00e9couvrez notre Magazine d\u00e9di\u00e9 \u00e0 promouvoir les connaissances en M\u00e9decine Pr\u00e9ventive, \u00e9dit\u00e9 par le Dr Hertoghe lui-m\u00eame. Avec des articles r\u00e9f\u00e9renc\u00e9s par d\u2019\u00e9minents praticiens provenant du monde entier, notre Magazine vous d\u00e9montre les grandes avanc\u00e9es r\u00e9alis\u00e9es en termes d\u2019am\u00e9lioration de la sant\u00e9 et de la long\u00e9vit\u00e9.<\/p>\n","protected":false},"author":3,"featured_media":0,"parent":190,"menu_order":0,"comment_status":"closed","ping_status":"closed","template":"","meta":{"_acf_changed":false,"cybocfi_hide_featured_image":"","footnotes":""},"class_list":["post-401","page","type-page","status-publish","hentry"],"acf":[],"_links":{"self":[{"href":"https:\/\/www.hertoghe.eu\/fr\/wp-json\/wp\/v2\/pages\/401","targetHints":{"allow":["GET"]}}],"collection":[{"href":"https:\/\/www.hertoghe.eu\/fr\/wp-json\/wp\/v2\/pages"}],"about":[{"href":"https:\/\/www.hertoghe.eu\/fr\/wp-json\/wp\/v2\/types\/page"}],"author":[{"embeddable":true,"href":"https:\/\/www.hertoghe.eu\/fr\/wp-json\/wp\/v2\/users\/3"}],"replies":[{"embeddable":true,"href":"https:\/\/www.hertoghe.eu\/fr\/wp-json\/wp\/v2\/comments?post=401"}],"version-history":[{"count":1,"href":"https:\/\/www.hertoghe.eu\/fr\/wp-json\/wp\/v2\/pages\/401\/revisions"}],"predecessor-version":[{"id":402,"href":"https:\/\/www.hertoghe.eu\/fr\/wp-json\/wp\/v2\/pages\/401\/revisions\/402"}],"up":[{"embeddable":true,"href":"https:\/\/www.hertoghe.eu\/fr\/wp-json\/wp\/v2\/pages\/190"}],"wp:attachment":[{"href":"https:\/\/www.hertoghe.eu\/fr\/wp-json\/wp\/v2\/media?parent=401"}],"curies":[{"name":"wp","href":"https:\/\/api.w.org\/{rel}","templated":true}]}}