{"id":2706,"date":"2023-04-24T15:59:37","date_gmt":"2023-04-24T13:59:37","guid":{"rendered":"https:\/\/www.hertoghe.eu\/?page_id=2706"},"modified":"2025-12-09T15:59:02","modified_gmt":"2025-12-09T14:59:02","slug":"mode","status":"publish","type":"page","link":"https:\/\/www.hertoghe.eu\/fr\/mode\/","title":{"rendered":"Faire des emplettes"},"content":{"rendered":"<p>D\u00e9couvrez toutes les meilleures adresses pour passer une journ\u00e9e shopping de r\u00eave \u00e0 Bruxelles !<\/p>\n<div class=\"title_code\">Boutiques de bijoux<\/div>\n        <div class=\"content_code\"><\/p>\n<p><strong><a href=\"https:\/\/www.hertoghe.eu\/wp-content\/uploads\/banner-berquin.png\" target=\"_blank\" rel=\"noopener noreferrer\"><img loading=\"lazy\" decoding=\"async\" class=\"wp-image-208 size-full aligncenter\" src=\"https:\/\/www.hertoghe.eu\/wp-content\/uploads\/banner-berquin.png\" width=\"1200\" height=\"1600\" \/><\/a><\/strong><\/p>\n<hr \/>\n<h2 style=\"text-align: left;\"><strong>Frey Wille<\/strong><\/h2>\n<p>Freywille est la r\u00e9f\u00e9rence internationale en mati\u00e8re de bijoux r\u00e9alis\u00e9s en \u00e9mail. Chaque cr\u00e9ation originale est inspir\u00e9e du monde de l\u2019art et raconte une histoire. Une boutique impressionnante de par son luxe et ses accessoires.<\/p>\n<p>&#x1f4cd; Place du Grand Sablon 45, 1000 Bruxelles<\/p>\n<p><a class=\"file-button clear\" href=\"https:\/\/shop.freywille.com\/be\/\" target=\"_blank\" rel=\"noopener noreferrer\">Plus d&rsquo;informations<\/a><\/p>\n<p><strong><a href=\"https:\/\/www.hertoghe.eu\/wp-content\/uploads\/banner-freywill.png\" target=\"_blank\" rel=\"noopener noreferrer\"><img loading=\"lazy\" decoding=\"async\" class=\"wp-image-208 size-full aligncenter\" src=\"https:\/\/www.hertoghe.eu\/wp-content\/uploads\/banner-freywill.png\" width=\"1200\" height=\"1600\" \/><\/a><\/strong><\/p>\n<hr \/>\n<h2 style=\"text-align: left;\"><strong>AXL jewelry<\/strong><\/h2>\n<p>Une bijouterie raffin\u00e9e qui propose des cr\u00e9ations modernes et intemporelles. Les pi\u00e8ces sont \u00e9l\u00e9gantes, f\u00e9minines et r\u00e9alis\u00e9es avec une grande attention au d\u00e9tail \u2014 parfait pour un cadeau de qualit\u00e9.<br \/>\nLe + : un accueil chaleureux et des conseils personnalis\u00e9s.<\/p>\n<p>&#x1f4cd;\u00a0Rue Mignot Delstanche 51, 1050 Bruxelles.<\/p>\n<p><a class=\"file-button clear\" href=\"https:\/\/axl-jewelry.com\/\" target=\"_blank\" rel=\"noopener noreferrer\">Plus d&rsquo;informations<\/a><\/p>\n<hr \/>\n<h2 style=\"text-align: left;\"><strong>Wouters &amp; Hendrix<\/strong><\/h2>\n<p>Maison belge embl\u00e9matique, connue pour ses bijoux contemporains et po\u00e9tiques. Les cr\u00e9ations jouent avec les formes, les contrastes et les symboles, offrant un style unique et expressif.<br \/>\nLe + : un design signature, audacieux mais toujours \u00e9l\u00e9gant.<\/p>\n<p>&#x1f4cd; Place Georges Brugmann 16, 1050 Bruxelles.<\/p>\n<p><a class=\"file-button clear\" href=\"https:\/\/wouters-hendrix.com\/\" target=\"_blank\" rel=\"noopener noreferrer\">Plus d&rsquo;informations<\/a><\/p>\n<hr \/>\n<h2 style=\"text-align: left;\"><strong>Sample Slow Jewelry<\/strong><\/h2>\n<p>Une bijouterie ax\u00e9e sur l\u2019artisanat, les mat\u00e9riaux durables et la cr\u00e9ation responsable. Les pi\u00e8ces sont minimalistes, intemporelles et pens\u00e9es pour durer.<br \/>\nLe + : une d\u00e9marche \u201cslow jewelry\u201d qui met en avant la qualit\u00e9 plut\u00f4t que la quantit\u00e9.<\/p>\n<p>&#x1f4cd;\u00a0Rue du Noyer 352, 1030 Schaerbeek.<\/p>\n<p><a class=\"file-button clear\" href=\"https:\/\/sampleslowjewelry.com\/\" target=\"_blank\" rel=\"noopener noreferrer\">Plus d&rsquo;informations<\/a><\/p>\n<p><\/div>\n<div class=\"title_code\">Boutiques de mode<\/div>\n        <div class=\"content_code\"><\/p>\n<hr \/>\n<h2 style=\"text-align: left;\"><strong>Yuman<\/strong><\/h2>\n<p>Ce centre commercial qui a ouvert ses portes r\u00e9cemment, est tr\u00e8s sp\u00e9cial\u00a0: il rassemble en un lieux les diff\u00e9rents acteurs de l\u2019\u00e9conomie circulaire. Ici, les consommateurs peuvent retrouver des produits de recyclage, de seconde main, le tout r\u00e9uni en un seul magasin. Un magasin \u00e0 ne pas manquer\u00a0!<\/p>\n<p>&#x1f4cd; Chauss\u00e9e de Charleroi 123, 1160 Bruxelles<\/p>\n<p><a class=\"file-button clear\" href=\"https:\/\/yumanvillage.be\/en\/\" target=\"_blank\" rel=\"noopener noreferrer\">Plus d&rsquo;informations<\/a><\/p>\n<p><strong><a href=\"https:\/\/www.hertoghe.eu\/wp-content\/uploads\/banner-yuman.png\" target=\"_blank\" rel=\"noopener noreferrer\"><img loading=\"lazy\" decoding=\"async\" class=\"wp-image-208 size-full aligncenter\" src=\"https:\/\/www.hertoghe.eu\/wp-content\/uploads\/banner-yuman.png\" width=\"1200\" height=\"1600\" \/><\/a><\/strong><\/p>\n<hr \/>\n<h2 style=\"text-align: left;\"><strong>Gilson<\/strong><\/h2>\n<p>Cr\u00e9\u00e9e depuis plus de 30 ans, la Maison Gilson r\u00e9alise des pi\u00e8ces de lingerie et de d\u00e9shabill\u00e9s qui font le tour du monde. Dans la boutique, les pi\u00e8ces sont expos\u00e9es telles de vraies \u0153uvres d\u2019art. <strong>\u00a0<\/strong><\/p>\n<p>&#x1f4cd; Boulevard de Waterloo 26, 1000 Bruxelles<\/p>\n<p><a class=\"file-button clear\" href=\"http:\/\/www.carinegilson.com\/\" target=\"_blank\" rel=\"noopener noreferrer\">Plus d&rsquo;informations<\/a><\/p>\n<p><strong><a href=\"https:\/\/www.hertoghe.eu\/wp-content\/uploads\/banner-gilson.png\" target=\"_blank\" rel=\"noopener noreferrer\"><img loading=\"lazy\" decoding=\"async\" class=\"wp-image-208 size-full aligncenter\" src=\"https:\/\/www.hertoghe.eu\/wp-content\/uploads\/banner-gilson.png\" width=\"1200\" height=\"1600\" \/><\/a><\/strong><\/p>\n<hr \/>\n<h2 style=\"text-align: left;\"><strong>Elvis Pompilio<\/strong><\/h2>\n<p>Le modiste belge le plus iconique. Ses cr\u00e9ations \u2014 chapeaux, pi\u00e8ces sculpturales, accessoires, \u00a0sont reconnues pour leur \u00e9l\u00e9gance, leur audace et leur raffinement. Une adresse incontournable pour celles et ceux qui souhaitent une pi\u00e8ce unique, cousue avec un v\u00e9ritable savoir-faire artistique.<br \/>\nLe + : chaque chapeau est une \u0153uvre \u00e0 part enti\u00e8re, con\u00e7ue pour sublimer la silhouette.<\/p>\n<p>&#x1f4cd;Rue Saint-Georges 21, 1050 Ixelles.<\/p>\n<p><a class=\"file-button clear\" href=\"http:\/\/www.elvispompilio.com\/\" target=\"_blank\" rel=\"noopener noreferrer\">Plus d&rsquo;informations<\/a><\/p>\n<p><strong><a href=\"https:\/\/www.hertoghe.eu\/wp-content\/uploads\/banner-elvis.png\" target=\"_blank\" rel=\"noopener noreferrer\"><img loading=\"lazy\" decoding=\"async\" class=\"wp-image-208 size-full aligncenter\" src=\"https:\/\/www.hertoghe.eu\/wp-content\/uploads\/banner-elvis.png\" width=\"1200\" height=\"1600\" \/><\/a><\/strong><\/p>\n<hr \/>\n<h2 style=\"text-align: left;\"><strong>Johanne Riss<\/strong><\/h2>\n<p>Une maison de couture belge remarquable, sp\u00e9cialis\u00e9e dans les silhouettes \u00e9l\u00e9gantes et intemporelles. Robes du soir, robes de mari\u00e9e, pr\u00eat-\u00e0-porter, accessoires, bijoux, maillots de bain\u2026 chaque pi\u00e8ce exprime sophistication et modernit\u00e9.<br \/>\nLe + : des cr\u00e9ations sur mesure qui subliment chaque morphologie, pour une allure unique.<\/p>\n<p>&#x1f4cd;\u00a0Rue de Belle-Vue 21, 1000 Bruxelles.<\/p>\n<p><a class=\"file-button clear\" href=\"https:\/\/www.johanneriss.com\/\" target=\"_blank\" rel=\"noopener noreferrer\">Plus d&rsquo;informations<\/a><\/p>\n<p><strong><a href=\"https:\/\/www.hertoghe.eu\/wp-content\/uploads\/banner-riss.png\" target=\"_blank\" rel=\"noopener noreferrer\"><img loading=\"lazy\" decoding=\"async\" class=\"wp-image-208 size-full aligncenter\" src=\"https:\/\/www.hertoghe.eu\/wp-content\/uploads\/banner-riss.png\" width=\"1200\" height=\"1600\" \/><\/a><\/strong><\/p>\n<hr \/>\n<h2 style=\"text-align: left;\"><strong>Nathan Couture<\/strong><\/h2>\n<p>Une maison belge embl\u00e9matique, r\u00e9put\u00e9e pour son \u00e9l\u00e9gance intemporelle. Nathan propose des cr\u00e9ations sophistiqu\u00e9es, parfaitement coup\u00e9es, id\u00e9ales pour des \u00e9v\u00e9nements, c\u00e9r\u00e9monies ou rendez-vous importants.<br \/>\nLe + : une signature couture d\u2019une grande finesse, pris\u00e9e par les ambassadrices du style en Europe.<\/p>\n<p>&#x1f4cd;\u00a0Avenue Louise 158, 1050 Bruxelles.<\/p>\n<p><a class=\"file-button clear\" href=\"https:\/\/www.natan.be\/fr\" target=\"_blank\" rel=\"noopener noreferrer\">Plus d&rsquo;informations<\/a><\/p>\n<hr \/>\n<h2 style=\"text-align: left;\"><strong>Mayfair BXL<\/strong><\/h2>\n<p>Une boutique de mode contemporaine qui met en avant une s\u00e9lection \u00e9l\u00e9gante et minimaliste. Parfait pour celles et ceux qui recherchent des pi\u00e8ces de qualit\u00e9, sobres, mais toujours sophistiqu\u00e9es.<br \/>\nLe + : un style \u00e9pur\u00e9 qui s\u2019adapte aussi bien aux looks quotidiens qu\u2019aux tenues plus habill\u00e9es.<\/p>\n<p>&#x1f4cd;\u00a0Boulevard de Waterloo 25, 1000 Bruxelles.<\/p>\n<p><a class=\"file-button clear\" href=\"https:\/\/www.mayfairbxl.com\/\" target=\"_blank\" rel=\"noopener noreferrer\">Plus d&rsquo;informations<\/a><\/p>\n<hr \/>\n<h2 style=\"text-align: left;\"><strong>Kure<\/strong><\/h2>\n<p>Une boutique d\u00e9di\u00e9e \u00e0 la mode f\u00e9minine, chic et actuelle. Les collections sont choisies avec soin pour offrir des pi\u00e8ces \u00e9l\u00e9gantes, modernes et faciles \u00e0 porter au quotidien.<br \/>\nLe + : une s\u00e9lection raffin\u00e9e qui allie style, qualit\u00e9 et f\u00e9minit\u00e9.<\/p>\n<p>&#x1f4cd;\u00a0Boulevard de Waterloo 13, 1000 Bruxelles.<\/p>\n<p><a class=\"file-button clear\" href=\"https:\/\/kurebrussels.com\/\" target=\"_blank\" rel=\"noopener noreferrer\">Plus d&rsquo;informations<\/a><\/p>\n<hr \/>\n<h2 style=\"text-align: left;\"><strong>SMETS<\/strong><\/h2>\n<p>Une adresse incontournable pour les amateurs de mode contemporaine. On y retrouve une s\u00e9lection pointue de cr\u00e9ateurs internationaux, entre pi\u00e8ces tendance et design \u00e9pur\u00e9.<br \/>\nLe + : une exp\u00e9rience shopping haut de gamme, pens\u00e9e pour ceux qui aiment la mode moderne et cr\u00e9ative.<\/p>\n<p>&#x1f4cd;\u00a0Rue de Namur 68, 1000 Bruxelles.<\/p>\n<p><a class=\"file-button clear\" href=\"https:\/\/smets.lu\/fr\" target=\"_blank\" rel=\"noopener noreferrer\">Plus d&rsquo;informations<\/a><\/p>\n<p><\/div>\n<div class=\"title_code\">Magasins cosm\u00e9tiques<\/div>\n        <div class=\"content_code\"><\/p>\n<p style=\"text-align: right;\"><strong><a href=\"https:\/\/www.hertoghe.eu\/wp-content\/uploads\/icone-cosmeticary.png\"><img loading=\"lazy\" decoding=\"async\" class=\"wp-image-208 size-full alignleft\" src=\"https:\/\/www.hertoghe.eu\/wp-content\/uploads\/icone-cosmeticary.png\" width=\"250\" height=\"250\" \/><\/a><\/strong><\/p>\n<h2 style=\"text-align: left;\"><strong>Cosmesticary<\/strong><\/h2>\n<p>Cette marque regroupe une \u00e9quipe d\u2019individus passionn\u00e9s qui partagent une m\u00eame vision\u00a0: celle d\u2019une\u00a0\u00ab\u00a0beaut\u00e9 plus efficace et d\u2019un conseil plus authentique\u00a0\u00bb<\/p>\n<p>&#x1f4cd; Rue Auguste Orts 11B, 1000 Bruxelles<\/p>\n<p><a class=\"file-button clear\" href=\"https:\/\/www.cosmeticary.com\/\" target=\"_blank\" rel=\"noopener noreferrer\">Plus d&rsquo;informations<\/a><\/p>\n<hr \/>\n<p style=\"text-align: right;\"><strong><a href=\"https:\/\/www.hertoghe.eu\/wp-content\/uploads\/icone-la-feuille.png\"><img loading=\"lazy\" decoding=\"async\" class=\"wp-image-208 size-full alignleft\" src=\"https:\/\/www.hertoghe.eu\/wp-content\/uploads\/icone-la-feuille.png\" width=\"250\" height=\"250\" \/><\/a><\/strong><\/p>\n<h2 style=\"text-align: left;\"><strong>La Feuille<\/strong><\/h2>\n<p>Depuis plus de dix ans La Feuille est la r\u00e9f\u00e9rence en Belgique en mati\u00e8re de cosm\u00e9tique organique et naturelle.<\/p>\n<p>&#x1f4cd; Rue Darwin 52, 1050 Ixelles Bruxelles<\/p>\n<p><a class=\"file-button clear\" href=\"https:\/\/www.facebook.com\/La-feuille-685994108154905\/\" target=\"_blank\" rel=\"noopener noreferrer\">Plus d&rsquo;informations<\/a><\/p>\n<hr \/>\n<p style=\"text-align: right;\"><strong><a href=\"https:\/\/www.hertoghe.eu\/wp-content\/uploads\/icone-okinaha.png\"><img loading=\"lazy\" decoding=\"async\" class=\"wp-image-208 alignleft\" src=\"https:\/\/www.hertoghe.eu\/wp-content\/uploads\/icone-okinaha.png\" width=\"250\" height=\"300\" \/><\/a><\/strong><\/p>\n<h2 style=\"text-align: left;\"><strong>Okinaha<\/strong><\/h2>\n<p>Dans cette boutique particuli\u00e8re c\u2019est avant tout une histoire de famille. L\u2019\u00e9quipe est passionn\u00e9e depuis toujours par la sant\u00e9 et les diff\u00e9rents facteurs qui l\u2019influencent.<\/p>\n<p>Okinaha r\u00e9uni en un endroit une s\u00e9lection de produits naturels qui vous rendront votre beaut\u00e9 originelle.<\/p>\n<p>&#x1f4cd; Chauss\u00e9e de Bruxelles 82\/A, 1410 Waterloo<\/p>\n<p><a class=\"file-button clear\" href=\"https:\/\/okinaha.com\/\" target=\"_blank\" rel=\"noopener noreferrer\">Plus d&rsquo;informations<\/a><\/p>\n<hr \/>\n<p style=\"text-align: right;\"><strong><a href=\"https:\/\/www.hertoghe.eu\/wp-content\/uploads\/icone-freshlab.png\"><img loading=\"lazy\" decoding=\"async\" class=\"wp-image-208 size-full alignleft\" src=\"https:\/\/www.hertoghe.eu\/wp-content\/uploads\/icone-freshlab.png\" width=\"250\" height=\"250\" \/><\/a><\/strong><\/p>\n<h2 style=\"text-align: left;\"><strong>Freshlab<\/strong><\/h2>\n<p>Dans un cadre raffin\u00e9, retrouvez une s\u00e9lection pointue de cosm\u00e9tique. Ce concept store beaut\u00e9 vous proposera des produits de qualit\u00e9, ainsi qu\u2019un service et des conseils personnalis\u00e9s.<em> -A proximit\u00e9 de la clinique-<\/em><\/p>\n<p>&#x1f4cd; Chauss\u00e9e de Waterloo 1482, 1180 Uccle<\/p>\n<p><a class=\"file-button clear\" href=\"https:\/\/www.freshlab.be\/\" target=\"_blank\" rel=\"noopener noreferrer\">Plus d&rsquo;informations<\/a><\/p>\n<p><\/div>\n<div class=\"title_code\">\u00c9piceries<\/div>\n        <div class=\"content_code\"><\/p>\n<hr \/>\n<p style=\"text-align: right;\"><strong><a href=\"https:\/\/www.hertoghe.eu\/wp-content\/uploads\/icone-freshlab.png\"><img loading=\"lazy\" decoding=\"async\" class=\"wp-image-208 size-full alignleft\" src=\"https:\/\/www.hertoghe.eu\/wp-content\/uploads\/icone-freshlab.png\" width=\"250\" height=\"250\" \/><\/a><\/strong><\/p>\n<h2 style=\"text-align: left;\"><strong>La grande \u00e9picerie<\/strong><\/h2>\n<p>Une adresse incontournable pour les amateurs de produits de qualit\u00e9. Vous y trouverez un choix g\u00e9n\u00e9reux d\u2019aliments frais, d\u2019\u00e9picerie fine et de pr\u00e9parations artisanales, id\u00e9al pour faire ses courses du quotidien avec une touche gourmande.<br \/>\nLe + : une s\u00e9lection soign\u00e9e et vari\u00e9e, parfaite pour des achats rapides\u00a0 \u00a0 \u00a0 \u00a0 \u00a0 \u00a0 \u00a0 \u00a0 \u00a0 \u00a0 \u00a0 \u00a0 \u00a0 \u00a0 \u00a0 \u00a0 \u00a0 \u00a0 \u00a0 \u00a0 \u00a0 \u00a0 \u00a0 \u00a0 \u00a0 \u00a0 \u00a0 \u00a0 \u00a0 mais qualitatifs.<\/p>\n<p>&#x1f4cd; Chauss\u00e9e de Waterloo 1331, 1180 Uccle.<\/p>\n<p><a class=\"file-button clear\" href=\"https:\/\/www.grandeepicerie.be\/\" target=\"_blank\" rel=\"noopener noreferrer\">Plus d&rsquo;informations<\/a><\/p>\n<hr \/>\n<p style=\"text-align: right;\"><strong><a href=\"https:\/\/www.hertoghe.eu\/wp-content\/uploads\/icone-freshlab.png\"><img loading=\"lazy\" decoding=\"async\" class=\"wp-image-208 size-full alignleft\" src=\"https:\/\/www.hertoghe.eu\/wp-content\/uploads\/icone-freshlab.png\" width=\"250\" height=\"250\" \/><\/a><\/strong><\/p>\n<h2 style=\"text-align: left;\"><strong>Champ<\/strong><\/h2>\n<p>Cette \u00e9picerie fine et primeur met \u00e0 l\u2019honneur les produits frais, locaux et savoureux. L\u2019endroit parfait pour trouver des fruits et l\u00e9gumes de saison, des produits raffin\u00e9s et des ingr\u00e9dients de qualit\u00e9 dans un cadre convivial.<br \/>\nLe + : une s\u00e9lection pointue qui refl\u00e8te un vrai amour du bon produit.<\/p>\n<p>&#x1f4cd;\u00a0Rue Sainte-Catherine 36, 1000 Bruxelles.<\/p>\n<p><a class=\"file-button clear\" href=\"https:\/\/www.champ.brussels\/\" target=\"_blank\" rel=\"noopener noreferrer\">Plus d&rsquo;informations<\/a><\/p>\n<hr \/>\n<p style=\"text-align: right;\"><strong><a href=\"https:\/\/www.hertoghe.eu\/wp-content\/uploads\/icone-freshlab.png\"><img loading=\"lazy\" decoding=\"async\" class=\"wp-image-208 size-full alignleft\" src=\"https:\/\/www.hertoghe.eu\/wp-content\/uploads\/icone-freshlab.png\" width=\"250\" height=\"250\" \/><\/a><\/strong><\/p>\n<h2 style=\"text-align: left;\"><strong>CRU<\/strong><\/h2>\n<p>Magasin bio premium, CRU propose des produits ultra-frais, locaux et authentiques dans un esprit de march\u00e9 moderne. Chaque produit est soigneusement s\u00e9lectionn\u00e9 pour sa qualit\u00e9, son go\u00fbt et son mode de production respectueux. Un lieu id\u00e9al pour les clients sensibles au naturel et \u00e0 la gastronomie.<\/p>\n<p>Le + : une exp\u00e9rience \u201cretour au vrai\u201d avec des aliments d\u2019exception,\u00a0 \u00a0 \u00a0 \u00a0 \u00a0 \u00a0 \u00a0 \u00a0 \u00a0 \u00a0 \u00a0 \u00a0 \u00a0 \u00a0 \u00a0 \u00a0 \u00a0 \u00a0 \u00a0 \u00a0 \u00a0 \u00a0 \u00a0 \u00a0 \u00a0 \u00a0 \u00a0 \u00a0 \u00a0 \u00a0 bruts ou pr\u00e9par\u00e9s.<\/p>\n<p>&#x1f4cd;\u00a0Rue Sainte-Catherine 36, 1000 Bruxelles.<\/p>\n<p><a class=\"file-button clear\" href=\"https:\/\/www.cru.be\/fr\" target=\"_blank\" rel=\"noopener noreferrer\">Plus d&rsquo;informations<\/a><\/p>\n<p><\/div>\n<p><iframe loading=\"lazy\" src=\"https:\/\/www.google.com\/maps\/d\/u\/0\/embed?mid=1GY68xq5Dcd_j-R8XaGpnbFb6c6Vrcdsy\" width=\"790\" height=\"580\"><\/iframe><\/p>\n","protected":false},"excerpt":{"rendered":"<p>D\u00e9couvrez toutes les meilleures adresses pour passer une journ\u00e9e shopping de r\u00eave \u00e0 Bruxelles !<\/p>\n","protected":false},"author":2,"featured_media":0,"parent":0,"menu_order":0,"comment_status":"closed","ping_status":"closed","template":"","meta":{"_acf_changed":false,"cybocfi_hide_featured_image":"","footnotes":""},"class_list":["post-2706","page","type-page","status-publish","hentry"],"acf":[],"_links":{"self":[{"href":"https:\/\/www.hertoghe.eu\/fr\/wp-json\/wp\/v2\/pages\/2706","targetHints":{"allow":["GET"]}}],"collection":[{"href":"https:\/\/www.hertoghe.eu\/fr\/wp-json\/wp\/v2\/pages"}],"about":[{"href":"https:\/\/www.hertoghe.eu\/fr\/wp-json\/wp\/v2\/types\/page"}],"author":[{"embeddable":true,"href":"https:\/\/www.hertoghe.eu\/fr\/wp-json\/wp\/v2\/users\/2"}],"replies":[{"embeddable":true,"href":"https:\/\/www.hertoghe.eu\/fr\/wp-json\/wp\/v2\/comments?post=2706"}],"version-history":[{"count":37,"href":"https:\/\/www.hertoghe.eu\/fr\/wp-json\/wp\/v2\/pages\/2706\/revisions"}],"predecessor-version":[{"id":7273,"href":"https:\/\/www.hertoghe.eu\/fr\/wp-json\/wp\/v2\/pages\/2706\/revisions\/7273"}],"wp:attachment":[{"href":"https:\/\/www.hertoghe.eu\/fr\/wp-json\/wp\/v2\/media?parent=2706"}],"curies":[{"name":"wp","href":"https:\/\/api.w.org\/{rel}","templated":true}]}}