{"id":2439,"date":"2019-07-04T11:21:11","date_gmt":"2019-07-04T09:21:11","guid":{"rendered":"https:\/\/www.hertoghe.eu\/?page_id=2439"},"modified":"2025-12-19T11:22:20","modified_gmt":"2025-12-19T10:22:20","slug":"bienvenue-a-bruxelles","status":"publish","type":"page","link":"https:\/\/www.hertoghe.eu\/fr\/bienvenue-a-bruxelles\/","title":{"rendered":"Bienvenue \u00e0 Bruxelles"},"content":{"rendered":"<hr \/>\n<div class=\"blog_bubble\" style=\"float: left; width: 50%;\">\n<p><a href=\"https:\/\/www.hertoghe.eu\/fr\/restauration\/\" target=\"_blank\" rel=\"noopener noreferrer\"><img loading=\"lazy\" decoding=\"async\" class=\"wp-image-1790 aligncenter\" src=\"https:\/\/www.hertoghe.eu\/wp-content\/uploads\/ICONE-3.png\" alt=\"\" width=\"250\" height=\"250\" \/><\/a><\/p>\n<h2 style=\"text-align: center;\"><a href=\"https:\/\/www.hertoghe.eu\/fr\/restauration\/\">Restauration<\/a><\/h2>\n<p style=\"text-align: center;\">D\u00e9couvrez les enseignes o\u00f9 se rend le Dr Hertoghe au menu sp\u00e9cialit\u00e9s belges, cuisine saine et pal\u00e9olithique<\/p>\n<\/div>\n<div class=\"blog_bubble\" style=\"float: left; width: 50%;\">\n<p><img loading=\"lazy\" decoding=\"async\" class=\" wp-image-7472 aligncenter\" src=\"https:\/\/www.hertoghe.eu\/wp-content\/uploads\/Design-sans-titre1-300x300.jpg\" alt=\"\" width=\"253\" height=\"253\" srcset=\"https:\/\/www.hertoghe.eu\/wp-content\/uploads\/Design-sans-titre1-300x300.jpg 300w, https:\/\/www.hertoghe.eu\/wp-content\/uploads\/Design-sans-titre1-1024x1024.jpg 1024w, https:\/\/www.hertoghe.eu\/wp-content\/uploads\/Design-sans-titre1-150x150.jpg 150w, https:\/\/www.hertoghe.eu\/wp-content\/uploads\/Design-sans-titre1-768x768.jpg 768w, https:\/\/www.hertoghe.eu\/wp-content\/uploads\/Design-sans-titre1-45x45.jpg 45w, https:\/\/www.hertoghe.eu\/wp-content\/uploads\/Design-sans-titre1.jpg 1080w\" sizes=\"auto, (max-width: 253px) 100vw, 253px\" \/><\/p>\n<h2 style=\"text-align: center;\"><a href=\"https:\/\/www.hertoghe.eu\/fr\/se-desalterer\/\">Se D\u00e9salt\u00e9rer<\/a><\/h2>\n<p style=\"text-align: center;\">D\u00e9couvrez les enseignes o\u00f9 se rend le Dr Hertoghe pour se d\u00e9salt\u00e9rer<\/p>\n<\/div>\n<div class=\"blog_bubble\" style=\"float: right; width: 50%;\">\n<p><a href=\"https:\/\/www.hertoghe.eu\/fr\/un-esprit-sain-dans-un-corps-sain\/\"><img loading=\"lazy\" decoding=\"async\" class=\"aligncenter wp-image-7283  size-medium\" src=\"https:\/\/www.hertoghe.eu\/wp-content\/uploads\/Copie-de-Vignettes-Instagram-RS-300x300.png\" alt=\"\" width=\"250\" height=\"250\" srcset=\"https:\/\/www.hertoghe.eu\/wp-content\/uploads\/Copie-de-Vignettes-Instagram-RS-300x300.png 300w, https:\/\/www.hertoghe.eu\/wp-content\/uploads\/Copie-de-Vignettes-Instagram-RS-1024x1024.png 1024w, https:\/\/www.hertoghe.eu\/wp-content\/uploads\/Copie-de-Vignettes-Instagram-RS-150x150.png 150w, https:\/\/www.hertoghe.eu\/wp-content\/uploads\/Copie-de-Vignettes-Instagram-RS-768x768.png 768w, https:\/\/www.hertoghe.eu\/wp-content\/uploads\/Copie-de-Vignettes-Instagram-RS-45x45.png 45w, https:\/\/www.hertoghe.eu\/wp-content\/uploads\/Copie-de-Vignettes-Instagram-RS.png 1080w\" sizes=\"auto, (max-width: 250px) 100vw, 250px\" \/><\/a><\/p>\n<h2 style=\"text-align: center;\"><a href=\"https:\/\/www.hertoghe.eu\/fr\/un-esprit-sain-dans-un-corps-sain\/\">Un esprit sain dans un corps sain<\/a><\/h2>\n<p style=\"text-align: center;\">Une s\u00e9lection de lieux o\u00f9 se d\u00e9tendre s\u00e9lectionn\u00e9 par\u00a0la famille Hertoghe<\/p>\n<\/div>\n<div class=\"blog_bubble\" style=\"float: left; width: 50%;\">\n<p><a href=\"https:\/\/www.hertoghe.eu\/fr\/logement\/\" target=\"_blank\" rel=\"noopener noreferrer\"><img loading=\"lazy\" decoding=\"async\" class=\"wp-image-1790 aligncenter\" src=\"https:\/\/www.hertoghe.eu\/wp-content\/uploads\/ICONE-4.png\" alt=\"\" width=\"250\" height=\"250\" \/><\/a><\/p>\n<h2 style=\"text-align: center;\"><a href=\"https:\/\/www.hertoghe.eu\/fr\/logement\">Logement<\/a><\/h2>\n<p style=\"text-align: center;\">Une s\u00e9lection de lieux o\u00f9 s\u00e9journer s\u00e9lectionn\u00e9 par la famille Hertoghe<\/p>\n<\/div>\n<div class=\"blog_bubble\" style=\"float: right; width: 50%;\">\n<p><a href=\"https:\/\/www.hertoghe.eu\/fr\/visites\/\" target=\"_blank\" rel=\"noopener noreferrer\"><img loading=\"lazy\" decoding=\"async\" class=\"wp-image-1790 aligncenter\" src=\"https:\/\/www.hertoghe.eu\/wp-content\/uploads\/icone.png\" alt=\"\" width=\"250\" height=\"250\" \/><\/a><\/p>\n<h2 style=\"text-align: center;\"><a href=\"https:\/\/www.hertoghe.eu\/fr\/visites\/\">Visite<\/a><\/h2>\n<p style=\"text-align: center;\">Un petit guide des adresses incontournables \u00e0 Bruxelles, selon la famille Hertoghe<\/p>\n<\/div>\n<div class=\"blog_bubble\" style=\"float: left; width: 50%;\">\n<p><a href=\"https:\/\/www.hertoghe.eu\/fr\/mode\/\" target=\"_blank\" rel=\"noopener noreferrer\"><img loading=\"lazy\" decoding=\"async\" class=\"wp-image-1790 aligncenter\" src=\"https:\/\/www.hertoghe.eu\/wp-content\/uploads\/ICONE-2.png\" alt=\"\" width=\"250\" height=\"250\" \/><\/a><\/p>\n<h2 style=\"text-align: center;\"><a href=\"https:\/\/www.hertoghe.eu\/fr\/mode\">Faire des emplettes<\/a><\/h2>\n<p style=\"text-align: center;\">D\u00e9couvrez les talents bruxellois qui agitent la sc\u00e8ne de la mode<\/p>\n<\/div>\n<hr \/>\n\n","protected":false},"excerpt":{"rendered":"<p>Restauration D\u00e9couvrez les enseignes o\u00f9 se rend le Dr Hertoghe au menu sp\u00e9cialit\u00e9s belges, cuisine saine et pal\u00e9olithique Se D\u00e9salt\u00e9rer D\u00e9couvrez les enseignes o\u00f9 se rend le Dr Hertoghe pour se d\u00e9salt\u00e9rer Un esprit sain dans un corps sain Une s\u00e9lection de lieux o\u00f9 se d\u00e9tendre s\u00e9lectionn\u00e9 par\u00a0la famille Hertoghe Logement Une s\u00e9lection de lieux [&hellip;]<\/p>\n","protected":false},"author":2,"featured_media":0,"parent":0,"menu_order":0,"comment_status":"closed","ping_status":"closed","template":"","meta":{"_acf_changed":false,"cybocfi_hide_featured_image":"","footnotes":""},"class_list":["post-2439","page","type-page","status-publish","hentry"],"acf":[],"_links":{"self":[{"href":"https:\/\/www.hertoghe.eu\/fr\/wp-json\/wp\/v2\/pages\/2439","targetHints":{"allow":["GET"]}}],"collection":[{"href":"https:\/\/www.hertoghe.eu\/fr\/wp-json\/wp\/v2\/pages"}],"about":[{"href":"https:\/\/www.hertoghe.eu\/fr\/wp-json\/wp\/v2\/types\/page"}],"author":[{"embeddable":true,"href":"https:\/\/www.hertoghe.eu\/fr\/wp-json\/wp\/v2\/users\/2"}],"replies":[{"embeddable":true,"href":"https:\/\/www.hertoghe.eu\/fr\/wp-json\/wp\/v2\/comments?post=2439"}],"version-history":[{"count":99,"href":"https:\/\/www.hertoghe.eu\/fr\/wp-json\/wp\/v2\/pages\/2439\/revisions"}],"predecessor-version":[{"id":7478,"href":"https:\/\/www.hertoghe.eu\/fr\/wp-json\/wp\/v2\/pages\/2439\/revisions\/7478"}],"wp:attachment":[{"href":"https:\/\/www.hertoghe.eu\/fr\/wp-json\/wp\/v2\/media?parent=2439"}],"curies":[{"name":"wp","href":"https:\/\/api.w.org\/{rel}","templated":true}]}}