{"id":21,"date":"2015-09-16T12:02:27","date_gmt":"2015-09-16T10:02:27","guid":{"rendered":"http:\/\/hertoghetb.cluster005.ovh.net\/?page_id=21"},"modified":"2023-07-31T16:40:16","modified_gmt":"2023-07-31T14:40:16","slug":"contact","status":"publish","type":"page","link":"https:\/\/www.hertoghe.eu\/fr\/contact\/","title":{"rendered":"Contact"},"content":{"rendered":"<div id=\"columns-2\">7-9 Avenue Van Bever<br \/>\nUccle-Brussels<br \/>\n1180 Belgium<br \/>\n<a href=\"mailto:s&#101;&#99;&#114;&#101;&#116;&#97;&#114;&#121;&#64;&#104;&#x65;&#x72;&#x74;&#x6f;&#x67;&#x68;&#x65;&#x2e;&#x65;&#x75;\">se&#99;&#114;&#101;&#x74;&#x61;&#x72;&#x79;&#x40;he&#114;&#116;&#111;&#x67;&#x68;&#x65;&#x2e;&#x65;u<br \/>\n<\/a>T. +32 2 736 68 68<br \/>\nF. +32 2 732 57 43<\/div>\n<p>&nbsp;<\/p>\n<p><iframe loading=\"lazy\" style=\"border: 0;\" src=\"https:\/\/www.google.com\/maps\/embed?pb=!1m18!1m12!1m3!1d2522.4978530746275!2d4.380900815743528!3d50.78488147952302!2m3!1f0!2f0!3f0!3m2!1i1024!2i768!4f13.1!3m3!1m2!1s0x47c3c53887faca0b%3A0xf20a9a92761a378c!2sAvenue+Van+Bever+7%2C+1180+Uccle!5e0!3m2!1sfr!2sbe!4v1447760474325\" width=\"100%\" height=\"250\" frameborder=\"0\" allowfullscreen=\"allowfullscreen\"><\/iframe><\/p>\n<h2><\/h2>\n<p>&nbsp;<\/p>\n<h2>Comment s\u2019y rendre\u00a0?<\/h2>\n<p>La gare de trains internationaux est la Gare du Midi (Zuidstation), o\u00f9 le Thalys arrive de France ou d\u2019Allemagne, et l\u2019Eurostar d\u2019Angleterre.<\/p>\n<ul>\n<li>De la Gare de Bruxelles-Midi \/ Zuidstation (gare principale)\u00a0:\n<ul>\n<li>Taxi\u00a0: 15\u2019 \u2013 40\u2019<\/li>\n<li>Bus\u00a0: 35\u2019 \u2013 60\u2019\n<ul>\n<li>137 direction Dilbeek \u2013 Alsemberg<\/li>\n<li>136 direction Groot-Bijgaarden &#8211; Alsemberg<\/li>\n<li>W\u00a0\u00a0 direction Waterloo &#8211; Braine-L\u2019Alleud<\/li>\n<li>365 direction Charleroi<\/li>\n<li>123 direction Argenteuil Berlaymont<\/li>\n<\/ul>\n<\/li>\n<\/ul>\n<\/li>\n<\/ul>\n<ul>\n<li>Les bus s\u2019arr\u00eatent \u00e0 l&rsquo;arr\u00eat Van Bever, en face du Caf\u00e9 <em>Rally des Autos,<\/em> Chauss\u00e9e de Waterloo 1450 (apr\u00e8s Fort Jaco \u00e0 Uccle).<\/li>\n<li>Retrouvez toutes les informations sur les lignes et les horaires sur les diff\u00e9rents sites de transports\u00a0:<\/li>\n<\/ul>\n<p><a href=\"http:\/\/www.stib-mivb.be\" target=\"_blank\" rel=\"noopener noreferrer\">STIB<\/a><br \/>\n<a href=\"https:\/\/www.infotec.be\" target=\"_blank\" rel=\"noopener noreferrer\">TEC<\/a><a href=\"https:\/\/www.b-europe.com\/Voyager\/Pratique\/Choisir%20SNCB%20Europe?ga_source=google&amp;ga_medium=cpc&amp;ga_campaign=sea_com&amp;gclid=CJu87rmbjckCFWsTwwodTSEE8A\" target=\"_blank\" rel=\"noopener noreferrer\"><br \/>\nSNCB<\/a><\/p>\n<ul>\n<li>De L\u2019A\u00e9roport Brussels Airport\u00a0:\n<ul>\n<li>Taxi : 25\u2019\u2013 60\u2019 : -20% sur les trajets aller-retour entre l&rsquo;a\u00e9roport et la r\u00e9gion Bruxelles-Capitale. Retrouvez toutes les informations sur les tarifs <a href=\"https:\/\/www.taxisautolux.be\/fr\/services-et-tarifs\/transfert-de-vers-aeroport-de-zaventem\">Autolux<\/a><\/li>\n<\/ul>\n<\/li>\n<li>De l\u2019A\u00e9roport Charleroi Airport\u00a0:\n<ul>\n<li>Taxi\u00a0: 40\u2019 \u2013 1h20<\/li>\n<\/ul>\n<\/li>\n<\/ul>\n","protected":false},"excerpt":{"rendered":"<p>7-9 Avenue Van Bever Uccle-Brussels 1180 Belgium &#x73;&#x65;&#x63;&#x72;&#x65;&#x74;&#x61;&#x72;&#x79;&#x40;&#x68;&#x65;&#x72;&#x74;&#111;&#103;&#104;&#101;&#46;&#101;&#117; T. +32 2 736 68 68 F. +32 2 732 57 43 &nbsp; &nbsp; Comment s\u2019y rendre\u00a0? La gare de trains internationaux est la Gare du Midi (Zuidstation), o\u00f9 le Thalys arrive de France ou d\u2019Allemagne, et l\u2019Eurostar d\u2019Angleterre. De la Gare de Bruxelles-Midi \/ Zuidstation (gare [&hellip;]<\/p>\n","protected":false},"author":3,"featured_media":0,"parent":0,"menu_order":0,"comment_status":"closed","ping_status":"closed","template":"","meta":{"_acf_changed":false,"cybocfi_hide_featured_image":"","footnotes":""},"class_list":["post-21","page","type-page","status-publish","hentry"],"acf":[],"_links":{"self":[{"href":"https:\/\/www.hertoghe.eu\/fr\/wp-json\/wp\/v2\/pages\/21","targetHints":{"allow":["GET"]}}],"collection":[{"href":"https:\/\/www.hertoghe.eu\/fr\/wp-json\/wp\/v2\/pages"}],"about":[{"href":"https:\/\/www.hertoghe.eu\/fr\/wp-json\/wp\/v2\/types\/page"}],"author":[{"embeddable":true,"href":"https:\/\/www.hertoghe.eu\/fr\/wp-json\/wp\/v2\/users\/3"}],"replies":[{"embeddable":true,"href":"https:\/\/www.hertoghe.eu\/fr\/wp-json\/wp\/v2\/comments?post=21"}],"version-history":[{"count":23,"href":"https:\/\/www.hertoghe.eu\/fr\/wp-json\/wp\/v2\/pages\/21\/revisions"}],"predecessor-version":[{"id":5627,"href":"https:\/\/www.hertoghe.eu\/fr\/wp-json\/wp\/v2\/pages\/21\/revisions\/5627"}],"wp:attachment":[{"href":"https:\/\/www.hertoghe.eu\/fr\/wp-json\/wp\/v2\/media?parent=21"}],"curies":[{"name":"wp","href":"https:\/\/api.w.org\/{rel}","templated":true}]}}