{"id":205,"date":"2015-11-17T11:57:27","date_gmt":"2015-11-17T10:57:27","guid":{"rendered":"http:\/\/hertoghetb.cluster005.ovh.net\/fr\/?page_id=205"},"modified":"2026-02-23T12:58:31","modified_gmt":"2026-02-23T11:58:31","slug":"livres-du-dr-hertoghe","status":"publish","type":"page","link":"https:\/\/www.hertoghe.eu\/fr\/presse-publications\/livres-du-dr-hertoghe\/","title":{"rendered":"Livres du Dr Hertoghe"},"content":{"rendered":"<p>Pour en savoir plus sur les th\u00e9rapies hormonales, d\u00e9couvrez les livres tout public du Dr Hertoghe.<\/p>\n<div class=\"title_code\">Pour le grand public<\/div>\n        <div class=\"content_code\"><\/p>\n<p><strong><a href=\"https:\/\/hertoghemedicalschool.eu\/shop\/books\/le-regime-hormone\/\" target=\"_blank\" rel=\"noopener noreferrer\"><img loading=\"lazy\" decoding=\"async\" class=\"alignleft wp-image-208 size-full\" src=\"https:\/\/www.hertoghe.eu\/wp-content\/uploads\/le-regime-hormone.jpg\" alt=\"le-regime-hormone\" width=\"107\" height=\"158\" \/><\/a>Le R\u00e9gime Hormone<\/strong><br \/>\nCe livre d\u00e9crit comment atteindre l\u2019\u00e9quilibre hormonal optimal par l\u2019alimentation, en d\u00e9taillant les aliments sains et les habitudes alimentaires qui influent sur les niveaux d\u2019hormones. Le r\u00e9gime hormone est un programme qui cherche \u00e0 r\u00e9\u00e9quilibrer les hormones en se concentrant sur ce que l\u2019on mange. Ce r\u00e9gime permet non seulement d\u2019atteindre un poids id\u00e9al tout en procurant de l\u2019\u00e9nergie au corps, une meilleure protection contre les maladies li\u00e9es \u00e0 la vieillesse, y compris le cancer, et peut-\u00eatre m\u00eame une vie plus longue.<strong>Uniquement en fran\u00e7ais<\/strong><\/p>\n<p><a class=\"file-button clear\" href=\"https:\/\/hertoghemedicalschool.eu\/shop\/books\/le-regime-hormone\/\" target=\"_blank\" rel=\"noopener noreferrer\">Acheter le livre<\/a><\/p>\n<hr \/>\n<p><strong><a href=\"https:\/\/hertoghemedicalschool.eu\/shop\/books\/dhea-lhormone-du-mieux-vivre\/\" target=\"_blank\" rel=\"noopener noreferrer\"><img loading=\"lazy\" decoding=\"async\" class=\"alignleft wp-image-208 size-full\" src=\"https:\/\/www.hertoghe.eu\/wp-content\/uploads\/dhea.jpg\" alt=\"dhea\" width=\"107\" height=\"158\" \/><\/a>DHEA, l\u2019Hormone du Mieux-Vivre<\/strong><br \/>\nCe livre grand public, tr\u00e8s bien r\u00e9f\u00e9renc\u00e9 sur la th\u00e9rapie DHEA, reprend tout ce qui est connu et utile dans le traitement de la DHEA, et permet de trouver les meilleures applications de la th\u00e9rapie DHEA. <strong>Uniquement en fran\u00e7ais<\/strong><\/p>\n<p><a class=\"file-button clear\" href=\"https:\/\/hertoghemedicalschool.eu\/shop\/books\/dhea-lhormone-du-mieux-vivre\/\" target=\"_blank\" rel=\"noopener noreferrer\">Acheter le livre<\/a><\/p>\n<hr \/>\n<p><strong><a href=\"https:\/\/hertoghemedicalschool.eu\/shop\/books\/comment-rester-jeune-plus-longtemps\/\" target=\"_blank\" rel=\"noopener noreferrer\"><img loading=\"lazy\" decoding=\"async\" class=\"alignleft wp-image-208 size-full\" src=\"https:\/\/www.hertoghe.eu\/wp-content\/uploads\/comment-rester-jeune-plus-longtemps.jpg\" alt=\"comment-rester-jeune-plus-longtemps\" width=\"107\" height=\"158\" \/><\/a>Comment rester jeune plus longtemps<\/strong><br \/>\nBestseller grand public fond\u00e9 sur plus de 1000 r\u00e9f\u00e9rences scientifiques, cet ouvrage explique l\u2019action des hormones \u2013 produits naturels- sur notre organisme. L\u2019hormonoth\u00e9rapie, associ\u00e9e \u00e0 une hygi\u00e8ne de vie saine et \u00e0 des apports en vitamines, min\u00e9raux et oligo-\u00e9l\u00e9ments, peut non seulement faire gagner des ann\u00e9es, mais aussi pr\u00e9venir ou gu\u00e9rir les maladies li\u00e9es \u00e0 l\u2019\u00e2ge.<strong>Uniquement en fran\u00e7ais<\/strong><\/p>\n<p><a class=\"file-button clear\" href=\"https:\/\/hertoghemedicalschool.eu\/en\/details\/16333\" target=\"_blank\" rel=\"noopener noreferrer\">Acheter le livre<\/a><\/p>\n<hr \/>\n<p><strong><a href=\"https:\/\/hertoghemedicalschool.eu\/shop\/books\/passion-sex-and-long-life-the-incredible-oxytocin-adventure\/\" target=\"_blank\" rel=\"noopener noreferrer\"><img loading=\"lazy\" decoding=\"async\" class=\"alignleft size-full wp-image-208\" src=\"https:\/\/www.hertoghe.eu\/wp-content\/uploads\/passion-sex-and-long-life.jpg\" alt=\"passion-sex-and-long-life\" width=\"107\" height=\"158\" \/><\/a>Passion, Sex and Long life<\/strong><br \/>\nCet ouvrage tout public se concentre sur l\u2019une des hormones les plus importantes pour l\u2019Homme. D\u00e9couvrez pourquoi un grand nombre de personnes pourrait avoir besoin de suppl\u00e9mentation en ocytocine, hormone li\u00e9e non seulement aux orgasmes, mais \u00e9galement \u00e0 l\u2019amour, la tendresse, l\u2019attachement, l\u2019amiti\u00e9, la passion, etc.<strong>Uniquement en anglais<\/strong><\/p>\n<p><a class=\"file-button clear\" href=\"https:\/\/hertoghemedicalschool.eu\/en\/details\/16331\" target=\"_blank\" rel=\"noopener noreferrer\">Acheter le livre<\/a><\/p>\n<hr \/>\n<p><strong><a href=\"https:\/\/hertoghemedicalschool.eu\/shop\/books\/patient-hormone-and-nutrient-handbook\/\" target=\"_blank\" rel=\"noopener noreferrer\"><img loading=\"lazy\" decoding=\"async\" class=\"alignleft wp-image-208 size-full\" src=\"https:\/\/www.hertoghe.eu\/wp-content\/uploads\/patient-hormone-handbook.jpg\" alt=\"hormone-handbook\" width=\"107\" height=\"158\" \/><\/a>The Patient Hormone Handbook<\/strong><br \/>\nVersion grand public adapt\u00e9e du bestseller international The Hormone Handbook, ce livre est un must pour tout patient trait\u00e9 par th\u00e9rapie hormonale. Reprenant les 10 th\u00e9rapies hormonales les plus importantes, ce guide pr\u00e9sente un index de plaintes li\u00e9es aux d\u00e9ficiences tant hormonales que nutritives. <strong>Uniquement en anglais<\/strong><\/p>\n<p><a class=\"file-button clear\" href=\"https:\/\/hertoghemedicalschool.eu\/en\/details\/16329\" target=\"_blank\" rel=\"noopener noreferrer\">Acheter le livre<\/a><\/p>\n<hr \/>\n<p><strong><em><a href=\"https:\/\/hertoghemedicalschool.eu\/shop\/books\/the-hormone-solution\/\" target=\"_blank\" rel=\"noopener noreferrer\"><img loading=\"lazy\" decoding=\"async\" class=\"alignleft wp-image-208 size-full\" src=\"https:\/\/www.hertoghe.eu\/wp-content\/uploads\/hormone-solution.jpg\" alt=\"hormone-solution\" width=\"107\" height=\"158\" \/><\/a><\/em>The Hormone Solution<\/strong><br \/>\nD\u00e9couvrez, dans cet ouvrage, toutes les informations sur les th\u00e9rapies hormonales, ce qu\u2019elles peuvent faire ou non pour ralentir, voire inverser, le vieillissement. 15 th\u00e9rapies hormonales y sont d\u00e9crites, ainsi que leur efficacit\u00e9 dans la pr\u00e9vention, le ralentissement et l\u2019inversement du vieillissement.<strong>Uniquement en anglais<\/strong><\/p>\n<p><a class=\"file-button clear\" href=\"https:\/\/hertoghemedicalschool.eu\/en\/details\/16330\" target=\"_blank\" rel=\"noopener noreferrer\">Acheter le livre<\/a><\/p>\n<hr \/>\n<p><strong><a href=\"https:\/\/hertoghemedicalschool.eu\/shop\/books\/jong-en-gezond-oud-worden\/\" target=\"_blank\" rel=\"noopener noreferrer\"><img loading=\"lazy\" decoding=\"async\" class=\"alignleft wp-image-208 size-full\" src=\"https:\/\/www.hertoghe.eu\/wp-content\/uploads\/Jong-en-Gezond-couverture-179x300.jpg\" alt=\"jong-en-gesond\" width=\"107\" height=\"158\" \/><\/a>Jong en Gezond oud Worden<\/strong><br \/>\nSe sentir jeune et en bonne sant\u00e9 tout le temps, c&rsquo;est peut-\u00eatre le r\u00eave de tout le monde. Un r\u00eave qui sera bient\u00f4t \u00e0 la port\u00e9e de tous! Dans leur livre, Dr. Hertoghe et Dr. Nabet souligne l\u2019effet positif des hormones &#8211; sous forme de produits naturels &#8211; sur notre organisme. En combinaison avec des vitamines, des min\u00e9raux et des oligo-\u00e9l\u00e9ments, l&rsquo;hormonoth\u00e9rapie peut non seulement prolonger la vie, mais \u00e9galement pr\u00e9venir et gu\u00e9rir les maladies li\u00e9es \u00e0 l&rsquo;\u00e2ge.<strong>Uniquement en n\u00e9erlandais<\/strong><\/p>\n<p><a class=\"file-button clear\" href=\"https:\/\/hertoghemedicalschool.eu\/en\/details\/16343\" target=\"_blank\" rel=\"noopener noreferrer\">Acheter le livre<\/a><\/p>\n<p><\/div>\n<div class=\"title_code\">Pour les professionnels<\/div>\n        <div class=\"content_code\"><\/p>\n<p><a href=\"https:\/\/hertoghemedicalschool.eu\/shop\/books\/medical-professional-books\/testosterone-the-therapy-for-real-gentlemen\/\" target=\"_blank\" rel=\"noopener noreferrer\"><img loading=\"lazy\" decoding=\"async\" class=\"alignleft size-full wp-image-2216\" src=\"https:\/\/www.hertoghe.eu\/wp-content\/uploads\/1ere-Cover-TestosteroneTherapy-page-001-scaled.jpg\" alt=\"\" width=\"107\" height=\"158\" \/><\/a><strong>Testosterone, the therapy for real gentlemen<\/strong><\/p>\n<p>Testosterone, The Therapy for Real Gentlemen, est con\u00e7u pour am\u00e9liorer les comp\u00e9tences du m\u00e9decin en mati\u00e8re de traitement \u00e0 la testost\u00e9rone. L&rsquo;objectif principal de ce livre est d&rsquo;enseigner au lecteur l&rsquo;efficacit\u00e9 et la s\u00e9curit\u00e9 du traitement \u00e0 la testost\u00e9rone.<br \/>\n<a class=\"file-button clear\" href=\"https:\/\/hertoghemedicalschool.eu\/en\/details\/16351\" target=\"_blank\" rel=\"noopener noreferrer\">Acheter le livre<\/a><\/p>\n<p><a href=\"https:\/\/hertoghemedicalschool.eu\/shop\/books\/reversing-physical-aging\/\" target=\"_blank\" rel=\"noopener noreferrer\"><img loading=\"lazy\" decoding=\"async\" class=\"alignleft size-full wp-image-2216\" src=\"https:\/\/www.hertoghe.eu\/wp-content\/uploads\/rpa.jpg\" alt=\"\" width=\"107\" height=\"158\" \/><\/a><strong>Reversing Physical Aging<\/strong><\/p>\n<p>D\u00e9couvrez tout sur\u00a0le visage et les\u00a05 sens avec le dernier ouvrage du Dr Hertoghe ! Ce\u00a0guide pratique est rempli d&rsquo;informations pr\u00eates \u00e0 l&#8217;emploi pour les th\u00e9rapies m\u00e9dicales qui inversent chaque signe de vieillissement physique et \u00e9valuent l&rsquo;efficacit\u00e9 de chaque traitement. <strong>Uniquement en anglais<\/strong><\/p>\n<p><a class=\"file-button clear\" href=\"https:\/\/hertoghemedicalschool.eu\/en\/details\/16346\" target=\"_blank\" rel=\"noopener noreferrer\">Acheter le livre<\/a><\/p>\n<p><a href=\"https:\/\/hertoghemedicalschool.eu\/shop\/books\/the-hormone-handbook\/\" target=\"_blank\" rel=\"noopener noreferrer\"><img loading=\"lazy\" decoding=\"async\" class=\"alignleft size-full wp-image-406\" src=\"https:\/\/www.hertoghe.eu\/wp-content\/uploads\/hormone-handbook.jpg\" alt=\"\" width=\"107\" height=\"158\" \/><\/a><\/p>\n<hr \/>\n<p><strong>The Hormone Handbook<\/strong><\/p>\n<p>Retrouvez dans ce best-seller international pour les m\u00e9decins, un guide d\u00e9taill\u00e9 sur les 18 th\u00e9rapies hormonales les plus importantes, ainsi qu&rsquo;une liste compl\u00e8te des r\u00e9f\u00e9rences scientifique pour chaques th\u00e9rapies hormonales. <strong>Uniquement en anglais<\/strong><\/p>\n<p><a class=\"file-button clear\" href=\"https:\/\/hertoghemedicalschool.eu\/en\/details\/16334\" target=\"_blank\" rel=\"noopener noreferrer\">Acheter le livre<\/a><\/p>\n<hr \/>\n<p><a href=\"https:\/\/hertoghemedicalschool.eu\/shop\/books\/the-atlas-of-endocrinology-for-hormone-therapy\/\" target=\"_blank\" rel=\"noopener noreferrer\"><img loading=\"lazy\" decoding=\"async\" class=\"alignleft size-full wp-image-2218\" src=\"https:\/\/www.hertoghe.eu\/wp-content\/uploads\/Atlas_of_endocrinologi_for_hormone_therapy.jpg\" alt=\"\" width=\"107\" height=\"158\" srcset=\"https:\/\/www.hertoghe.eu\/wp-content\/uploads\/Atlas_of_endocrinologi_for_hormone_therapy.jpg 409w, https:\/\/www.hertoghe.eu\/wp-content\/uploads\/Atlas_of_endocrinologi_for_hormone_therapy-205x300.jpg 205w\" sizes=\"auto, (max-width: 107px) 100vw, 107px\" \/><\/a><\/p>\n<p><strong>The Atlas of endocrinology for Hormone Therapy<\/strong><\/p>\n<p>Cet atlas unique montre les signes physiques et les plaintes concernant les 36 principales d\u00e9ficiences et exc\u00e8s hormonaux rencontr\u00e9s par les m\u00e9decins dans leurs pratiques.\u00a0D\u00e9couvrez 500 photos exceptionnelles de patients pr\u00e9sentant des signes endocriniens physiques mineurs, 200 images souvent absentes de l&rsquo;atlas traditionnel d&rsquo;endocrinologie et des aper\u00e7us sch\u00e9matiques d\u00e9taill\u00e9s des nombreux signes physiques. <strong>Uniquement en anglais<\/strong><\/p>\n<p><a class=\"file-button clear\" href=\"https:\/\/hertoghemedicalschool.eu\/shop\/books\/the-atlas-of-endocrinology-for-hormone-therapy\/\" target=\"_blank\" rel=\"noopener noreferrer\">Acheter le livre<\/a><\/p>\n<hr \/>\n<p><strong><a href=\"https:\/\/hertoghemedicalschool.eu\/shop\/books\/textbook-of-nutrient-therapy\/\" target=\"_blank\" rel=\"noopener noreferrer\"><img loading=\"lazy\" decoding=\"async\" class=\"alignleft size-full wp-image-2222\" src=\"https:\/\/www.hertoghe.eu\/wp-content\/uploads\/Textbook_Nutrient.png\" alt=\"\" width=\"107\" height=\"158\" \/><\/a>Textbook of Nutrient Therapy<\/strong><\/p>\n<p>Le manuel sur les th\u00e9rapies nutritionelles, le plus concret et utile. Cet ouvrage contient toutes les informations basiques sur les nutriments et sur leur utilisation pour les maladies les plus importantes. Retrouvez l&rsquo;int\u00e9gralit\u00e9 des r\u00e9f\u00e9recnces des recherches du Dr Hertoghe, ainsi que des tableaux comparant les dosages et les diff\u00e9rentes phases pour lesquels les th\u00e9rapies nutritonnelles aident. <strong>Uniquement en anglais<\/strong><\/p>\n<p><a class=\"file-button clear\" href=\"https:\/\/hertoghemedicalschool.eu\/en\/details\/16337\" target=\"_blank\" rel=\"noopener noreferrer\">Acheter le livre<\/a><\/p>\n<hr \/>\n<p><a href=\"https:\/\/hertoghemedicalschool.eu\/shop\/books\/textbook-of-lifespan-and-anti-aging-medicine\/\" target=\"_blank\" rel=\"noopener noreferrer\"><img loading=\"lazy\" decoding=\"async\" class=\"alignleft size-full wp-image-2224\" src=\"https:\/\/www.hertoghe.eu\/wp-content\/uploads\/Textbook_AA.png\" alt=\"\" width=\"107\" height=\"158\" \/><\/a><\/p>\n<p><strong>Textbook of Lifespan and Anti-Aging Medicine<\/strong><\/p>\n<p>Le manuel de la m\u00e9decine anti-\u00e2ge! Ce manuel, extensivement r\u00e9f\u00e9renci\u00e9\u00a0\u00bb, introduit les bases th\u00e9oriques de la s\u00e9nescence, et la mesure biologique de l&rsquo;\u00e2ge. Decouvrez toutes les informations et les conseils du Dr Hertoghe pour am\u00e9liorer la sant\u00e9 et le bien \u00eatre et retarder ou r\u00e9duire au minimum les maladies et plaintes dues au vieillissement. <strong>Uniquement en anglais<\/strong><\/p>\n<p><a class=\"file-button clear\" href=\"https:\/\/hertoghemedicalschool.eu\/en\/details\/16336\" target=\"_blank\" rel=\"noopener noreferrer\">Acheter le livre<\/a><\/p>\n<hr \/>\n<p><\/div>\n","protected":false},"excerpt":{"rendered":"<p>Pour en savoir plus sur les th\u00e9rapies hormonales, d\u00e9couvrez les livres tout public du Dr Hertoghe.<\/p>\n","protected":false},"author":3,"featured_media":0,"parent":190,"menu_order":0,"comment_status":"closed","ping_status":"closed","template":"","meta":{"_acf_changed":false,"cybocfi_hide_featured_image":"","footnotes":""},"class_list":["post-205","page","type-page","status-publish","hentry"],"acf":[],"_links":{"self":[{"href":"https:\/\/www.hertoghe.eu\/fr\/wp-json\/wp\/v2\/pages\/205","targetHints":{"allow":["GET"]}}],"collection":[{"href":"https:\/\/www.hertoghe.eu\/fr\/wp-json\/wp\/v2\/pages"}],"about":[{"href":"https:\/\/www.hertoghe.eu\/fr\/wp-json\/wp\/v2\/types\/page"}],"author":[{"embeddable":true,"href":"https:\/\/www.hertoghe.eu\/fr\/wp-json\/wp\/v2\/users\/3"}],"replies":[{"embeddable":true,"href":"https:\/\/www.hertoghe.eu\/fr\/wp-json\/wp\/v2\/comments?post=205"}],"version-history":[{"count":63,"href":"https:\/\/www.hertoghe.eu\/fr\/wp-json\/wp\/v2\/pages\/205\/revisions"}],"predecessor-version":[{"id":7521,"href":"https:\/\/www.hertoghe.eu\/fr\/wp-json\/wp\/v2\/pages\/205\/revisions\/7521"}],"up":[{"embeddable":true,"href":"https:\/\/www.hertoghe.eu\/fr\/wp-json\/wp\/v2\/pages\/190"}],"wp:attachment":[{"href":"https:\/\/www.hertoghe.eu\/fr\/wp-json\/wp\/v2\/media?parent=205"}],"curies":[{"name":"wp","href":"https:\/\/api.w.org\/{rel}","templated":true}]}}