{"id":177,"date":"2015-11-17T11:29:53","date_gmt":"2015-11-17T10:29:53","guid":{"rendered":"http:\/\/hertoghetb.cluster005.ovh.net\/fr\/?page_id=177"},"modified":"2025-07-03T14:18:06","modified_gmt":"2025-07-03T12:18:06","slug":"prendre-rendez-vous","status":"publish","type":"page","link":"https:\/\/www.hertoghe.eu\/fr\/prendre-rendez-vous\/","title":{"rendered":"Prendre rendez-vous"},"content":{"rendered":"<p>Vous pouvez prendre rendez-vous<\/p>\n<h2>Par t\u00e9l\u00e9phone<\/h2>\n<p>Au +32 (0) 2 736 68 68<br \/>\nDu lundi au jeudi : de 9h00\u00a0\u00e0 18h00<br \/>\nLe vendredi : de 9h00 \u00e0 12h30 et de 13h00 \u00e0 17h00<\/p>\n<h2>Par e-mail<\/h2>\n<p><a href=\"&#x6d;a&#x69;&#108;&#x74;&#111;:&#x73;&#101;&#x63;&#114;e&#x74;&#97;&#x72;&#121;&#64;&#x68;e&#x72;&#116;&#x6f;&#x67;h&#x65;&#46;&#x65;&#117;\">&#115;&#x65;c&#114;&#x65;t&#97;&#x72;y&#x40;&#x68;&#101;&#x72;t&#111;&#x67;h&#101;&#x2e;e&#x75;<\/a><\/p>\n<p><strong>Liste d\u2019attente<\/strong>: lorsqu\u2019aucune plage n\u2019est disponible, vous \u00eates plac\u00e9(e) sur liste d\u2019attente. N\u2019h\u00e9sitez pas \u00e0 prendre r\u00e9guli\u00e8rement contact avec notre secr\u00e9tariat afin de b\u00e9n\u00e9ficier d\u2019un rendez-vous.<\/p>\n<h2>Sur notre plateforme en ligne<\/h2>\n<p><a class=\"file-button\" href=\"https:\/\/app.doctormanager.be\/drhertogheclinic\/rdv\/allReason\" target=\"_blank\" rel=\"noopener noreferrer\">Prendre ou annuler un rendez-vous<\/a><\/p>\n<p>ATTENTION\u00a0: Pour tout <strong>d\u00e9sistement<\/strong>, veuillez le faire <strong>au plus tard 48h \u00e0 l\u2019avance<\/strong>. Sans cela, nous nous verrons dans l\u2019obligation de vous facturer le montant de la consultation.<\/p>\n","protected":false},"excerpt":{"rendered":"<p>Vous pouvez prendre rendez-vous Par t\u00e9l\u00e9phone Au +32 (0) 2 736 68 68 Du lundi au jeudi : de 9h00\u00a0\u00e0 18h00 Le vendredi : de 9h00 \u00e0 12h30 et de 13h00 \u00e0 17h00 Par e-mail &#x73;&#x65;&#99;&#114;&#101;t&#x61;&#x72;&#x79;&#64;&#104;er&#x74;&#x6f;&#x67;&#104;&#101;&#46;&#x65;&#x75; Liste d\u2019attente: lorsqu\u2019aucune plage n\u2019est disponible, vous \u00eates plac\u00e9(e) sur liste d\u2019attente. N\u2019h\u00e9sitez pas \u00e0 prendre r\u00e9guli\u00e8rement contact avec [&hellip;]<\/p>\n","protected":false},"author":3,"featured_media":0,"parent":0,"menu_order":0,"comment_status":"closed","ping_status":"closed","template":"","meta":{"_acf_changed":false,"cybocfi_hide_featured_image":"","footnotes":""},"class_list":["post-177","page","type-page","status-publish","hentry"],"acf":[],"_links":{"self":[{"href":"https:\/\/www.hertoghe.eu\/fr\/wp-json\/wp\/v2\/pages\/177","targetHints":{"allow":["GET"]}}],"collection":[{"href":"https:\/\/www.hertoghe.eu\/fr\/wp-json\/wp\/v2\/pages"}],"about":[{"href":"https:\/\/www.hertoghe.eu\/fr\/wp-json\/wp\/v2\/types\/page"}],"author":[{"embeddable":true,"href":"https:\/\/www.hertoghe.eu\/fr\/wp-json\/wp\/v2\/users\/3"}],"replies":[{"embeddable":true,"href":"https:\/\/www.hertoghe.eu\/fr\/wp-json\/wp\/v2\/comments?post=177"}],"version-history":[{"count":16,"href":"https:\/\/www.hertoghe.eu\/fr\/wp-json\/wp\/v2\/pages\/177\/revisions"}],"predecessor-version":[{"id":7052,"href":"https:\/\/www.hertoghe.eu\/fr\/wp-json\/wp\/v2\/pages\/177\/revisions\/7052"}],"wp:attachment":[{"href":"https:\/\/www.hertoghe.eu\/fr\/wp-json\/wp\/v2\/media?parent=177"}],"curies":[{"name":"wp","href":"https:\/\/api.w.org\/{rel}","templated":true}]}}