{"id":13,"date":"2015-09-16T12:02:01","date_gmt":"2015-09-16T10:02:01","guid":{"rendered":"http:\/\/hertoghetb.cluster005.ovh.net\/?page_id=13"},"modified":"2025-09-26T15:49:09","modified_gmt":"2025-09-26T13:49:09","slug":"equipe","status":"publish","type":"page","link":"https:\/\/www.hertoghe.eu\/fr\/equipe\/","title":{"rendered":"L&rsquo;\u00e9quipe"},"content":{"rendered":"<p>Les m\u00e9decins du cabinet sont parmi les professionnels de la sant\u00e9 les mieux form\u00e9s dans cette discipline au niveau international. Chacun d\u2019eux est d\u2019ailleurs certifi\u00e9 et dipl\u00f4m\u00e9 WOSAAM en M\u00e9decine Anti-\u00e2ge.<\/p>\n\n\n<p><\/p>\n","protected":false},"excerpt":{"rendered":"<p>Les m\u00e9decins du cabinet sont parmi les professionnels de la sant\u00e9 les mieux form\u00e9s dans cette discipline au niveau international. Chacun d\u2019eux est d\u2019ailleurs certifi\u00e9 et dipl\u00f4m\u00e9 WOSAAM en M\u00e9decine Anti-\u00e2ge.<\/p>\n","protected":false},"author":3,"featured_media":1771,"parent":0,"menu_order":0,"comment_status":"closed","ping_status":"closed","template":"template-team.php","meta":{"_acf_changed":false,"cybocfi_hide_featured_image":"","footnotes":""},"class_list":["post-13","page","type-page","status-publish","has-post-thumbnail","hentry"],"acf":[],"_links":{"self":[{"href":"https:\/\/www.hertoghe.eu\/fr\/wp-json\/wp\/v2\/pages\/13","targetHints":{"allow":["GET"]}}],"collection":[{"href":"https:\/\/www.hertoghe.eu\/fr\/wp-json\/wp\/v2\/pages"}],"about":[{"href":"https:\/\/www.hertoghe.eu\/fr\/wp-json\/wp\/v2\/types\/page"}],"author":[{"embeddable":true,"href":"https:\/\/www.hertoghe.eu\/fr\/wp-json\/wp\/v2\/users\/3"}],"replies":[{"embeddable":true,"href":"https:\/\/www.hertoghe.eu\/fr\/wp-json\/wp\/v2\/comments?post=13"}],"version-history":[{"count":5,"href":"https:\/\/www.hertoghe.eu\/fr\/wp-json\/wp\/v2\/pages\/13\/revisions"}],"predecessor-version":[{"id":7177,"href":"https:\/\/www.hertoghe.eu\/fr\/wp-json\/wp\/v2\/pages\/13\/revisions\/7177"}],"wp:featuredmedia":[{"embeddable":true,"href":"https:\/\/www.hertoghe.eu\/fr\/wp-json\/wp\/v2\/media\/1771"}],"wp:attachment":[{"href":"https:\/\/www.hertoghe.eu\/fr\/wp-json\/wp\/v2\/media?parent=13"}],"curies":[{"name":"wp","href":"https:\/\/api.w.org\/{rel}","templated":true}]}}